{"id":4428,"date":"2024-11-12T19:26:20","date_gmt":"2024-11-12T18:26:20","guid":{"rendered":"https:\/\/www2.apex-timing.com\/wordpress\/calendrier-multiactivite\/"},"modified":"2025-02-05T10:00:29","modified_gmt":"2025-02-05T09:00:29","slug":"calendrier-multiactivite","status":"publish","type":"page","link":"https:\/\/www.apex-timing.com\/de\/calendrier-multiactivite\/","title":{"rendered":"Multiaktivit\u00e4tskalender"},"content":{"rendered":"\t\t<div data-elementor-type=\"wp-page\" data-elementor-id=\"4428\" class=\"elementor elementor-4428 elementor-987\">\n\t\t\t\t<div class=\"elementor-element elementor-element-2aadba8 e-con-full e-flex e-con e-parent\" data-id=\"2aadba8\" data-element_type=\"container\" data-settings=\"{&quot;background_background&quot;:&quot;classic&quot;}\">\n\t\t<div class=\"elementor-element elementor-element-932f8b1 e-con-full e-flex e-con e-child\" data-id=\"932f8b1\" data-element_type=\"container\">\n\t\t\t\t<div class=\"elementor-element elementor-element-e186b45 elementor-widget elementor-widget-heading\" data-id=\"e186b45\" data-element_type=\"widget\" data-widget_type=\"heading.default\">\n\t\t\t\t<div class=\"elementor-widget-container\">\n\t\t\t\t\t<h2 class=\"elementor-heading-title elementor-size-default\">PLANEN, VERWALTEN UND <br> VISUALISIEREN SIE DIE AKTIVIT\u00c4TEN VON <br> IHREM ZENTRUM.<\/h2>\t\t\t\t<\/div>\n\t\t\t\t<\/div>\n\t\t\t\t<div class=\"elementor-element elementor-element-1541de6 elementor-widget elementor-widget-text-editor\" data-id=\"1541de6\" data-element_type=\"widget\" data-widget_type=\"text-editor.default\">\n\t\t\t\t<div class=\"elementor-widget-container\">\n\t\t\t\t\t\t\t\t\t<p>Mit dem Multiaktivit\u00e4tskalender k\u00f6nnen Sie alle Ihre Pisten\/R\u00e4ume und deren Belegung einsehen.<\/p>\n\t\t\t\t\t\t\t\t<\/div>\n\t\t\t\t<\/div>\n\t\t\t\t<div class=\"elementor-element elementor-element-969201a elementor-mobile-align-justify elementor-widget elementor-widget-button\" data-id=\"969201a\" data-element_type=\"widget\" data-widget_type=\"button.default\">\n\t\t\t\t<div class=\"elementor-widget-container\">\n\t\t\t\t\t\t\t\t\t<div class=\"elementor-button-wrapper\">\n\t\t\t\t\t<a class=\"elementor-button elementor-button-link elementor-size-sm\" href=\"https:\/\/www.apex-timing.com\/de\/kontakt-apex-timing-support-softwareloesungen\/\">\n\t\t\t\t\t\t<span class=\"elementor-button-content-wrapper\">\n\t\t\t\t\t\t\t\t\t<span class=\"elementor-button-text\">Kontaktieren Sie uns<\/span>\n\t\t\t\t\t<\/span>\n\t\t\t\t\t<\/a>\n\t\t\t\t<\/div>\n\t\t\t\t\t\t\t\t<\/div>\n\t\t\t\t<\/div>\n\t\t\t\t<\/div>\n\t\t<div class=\"elementor-element elementor-element-191ce88 e-con-full e-flex e-con e-child\" data-id=\"191ce88\" data-element_type=\"container\">\n\t\t\t\t<\/div>\n\t\t\t\t<\/div>\n\t\t<div class=\"elementor-element elementor-element-63018b7 e-con-full e-flex e-con e-parent\" data-id=\"63018b7\" data-element_type=\"container\" data-settings=\"{&quot;background_background&quot;:&quot;classic&quot;}\">\n\t\t\t\t<div class=\"elementor-element elementor-element-8d72968 elementor-widget elementor-widget-image\" data-id=\"8d72968\" data-element_type=\"widget\" data-widget_type=\"image.default\">\n\t\t\t\t<div class=\"elementor-widget-container\">\n\t\t\t\t\t\t\t\t\t\t\t\t\t\t\t<img fetchpriority=\"high\" decoding=\"async\" width=\"768\" height=\"387\" src=\"https:\/\/www.apex-timing.com\/wordpress\/wp-content\/uploads\/2024\/11\/Image-33-768x387.png\" class=\"attachment-medium_large size-medium_large wp-image-995\" alt=\"calendrier_multiactivit\u00e9_planning\" srcset=\"https:\/\/www.apex-timing.com\/wordpress\/wp-content\/uploads\/2024\/11\/Image-33-768x387.png 768w, https:\/\/www.apex-timing.com\/wordpress\/wp-content\/uploads\/2024\/11\/Image-33-300x151.png 300w, https:\/\/www.apex-timing.com\/wordpress\/wp-content\/uploads\/2024\/11\/Image-33-1024x517.png 1024w, https:\/\/www.apex-timing.com\/wordpress\/wp-content\/uploads\/2024\/11\/Image-33.png 1213w\" sizes=\"(max-width: 768px) 100vw, 768px\" \/>\t\t\t\t\t\t\t\t\t\t\t\t\t\t\t<\/div>\n\t\t\t\t<\/div>\n\t\t\t\t<\/div>\n\t\t<div class=\"elementor-element elementor-element-66d9673 e-con-full e-flex e-con e-parent\" data-id=\"66d9673\" data-element_type=\"container\" data-settings=\"{&quot;background_background&quot;:&quot;classic&quot;}\">\n\t\t<div class=\"elementor-element elementor-element-be607e4 e-con-full e-flex e-con e-child\" data-id=\"be607e4\" data-element_type=\"container\">\n\t\t\t\t<div class=\"elementor-element elementor-element-237921f elementor-absolute elementor-widget elementor-widget-image\" data-id=\"237921f\" data-element_type=\"widget\" data-settings=\"{&quot;_position&quot;:&quot;absolute&quot;}\" data-widget_type=\"image.default\">\n\t\t\t\t<div class=\"elementor-widget-container\">\n\t\t\t\t\t\t\t\t\t\t\t\t\t\t\t<img decoding=\"async\" src=\"https:\/\/www.apex-timing.com\/wordpress\/wp-content\/uploads\/elementor\/thumbs\/los-r0nou6bdm5ramz979n9osoo9nyy9luza5r8ppdebg4.png\" title=\"los\" alt=\"Apex Timing\" loading=\"lazy\" \/>\t\t\t\t\t\t\t\t\t\t\t\t\t\t\t<\/div>\n\t\t\t\t<\/div>\n\t\t\t\t<div class=\"elementor-element elementor-element-0470f53 elementor-widget elementor-widget-heading\" data-id=\"0470f53\" data-element_type=\"widget\" data-widget_type=\"heading.default\">\n\t\t\t\t<div class=\"elementor-widget-container\">\n\t\t\t\t\t<h2 class=\"elementor-heading-title elementor-size-default\">DIE ORGANISATION VON GRUPPEN, ANIMATIONEN, AUSDAUER UND PISTENVERMIETUNGEN IST EIN KINDERSPIEL.<\/h2>\t\t\t\t<\/div>\n\t\t\t\t<\/div>\n\t\t\t\t<div class=\"elementor-element elementor-element-badeb93 elementor-widget elementor-widget-text-editor\" data-id=\"badeb93\" data-element_type=\"widget\" data-widget_type=\"text-editor.default\">\n\t\t\t\t<div class=\"elementor-widget-container\">\n\t\t\t\t\t\t\t\t\t<p>Erstellen Sie Ihre Veranstaltung oder verwalten Sie Ihre Sitzungsreservierungen zum geplanten Zeitpunkt in Sekundenschnelle! Sie k\u00f6nnen Ihren Multiaktivit\u00e4tsplan von Ihrem Schreibtisch oder von unterwegs aus verwalten. <\/p>\n<p>Das einfach zu bedienende Tool erm\u00f6glicht das Hinzuf\u00fcgen von Anh\u00e4ngen, das Erstellen von Aufgaben-Checklisten, das Einf\u00fcgen von Rechnungen oder anderen Dokumenten. Jonglieren Sie Ihre Buchungen mit Drag &amp; Drop. <\/p>\n\t\t\t\t\t\t\t\t<\/div>\n\t\t\t\t<\/div>\n\t\t\t\t<\/div>\n\t\t<div class=\"elementor-element elementor-element-adda004 e-con-full e-flex e-con e-child\" data-id=\"adda004\" data-element_type=\"container\" data-settings=\"{&quot;background_background&quot;:&quot;classic&quot;}\">\n\t\t\t\t<\/div>\n\t\t\t\t<\/div>\n\t\t<div class=\"elementor-element elementor-element-a9b9a52 e-con-full e-flex e-con e-parent\" data-id=\"a9b9a52\" data-element_type=\"container\" data-settings=\"{&quot;background_background&quot;:&quot;classic&quot;}\">\n\t\t<aside class=\"elementor-element elementor-element-2896202 e-con-full e-flex e-con e-child\" data-id=\"2896202\" data-element_type=\"container\" data-settings=\"{&quot;background_background&quot;:&quot;classic&quot;,&quot;xpro_backdrop_filter&quot;:&quot;yes&quot;}\">\n\t\t\t\t<div class=\"elementor-element elementor-element-35424ad elementor-widget elementor-widget-image\" data-id=\"35424ad\" data-element_type=\"widget\" data-widget_type=\"image.default\">\n\t\t\t\t<div class=\"elementor-widget-container\">\n\t\t\t\t\t\t\t\t\t\t\t\t\t\t\t<img decoding=\"async\" width=\"963\" height=\"545\" src=\"https:\/\/www.apex-timing.com\/wordpress\/wp-content\/uploads\/2024\/12\/Plan-de-travail-\u2013-70.jpg\" class=\"attachment-large size-large wp-image-1676\" alt=\"phases horaires\" srcset=\"https:\/\/www.apex-timing.com\/wordpress\/wp-content\/uploads\/2024\/12\/Plan-de-travail-\u2013-70.jpg 963w, https:\/\/www.apex-timing.com\/wordpress\/wp-content\/uploads\/2024\/12\/Plan-de-travail-\u2013-70-300x170.jpg 300w, https:\/\/www.apex-timing.com\/wordpress\/wp-content\/uploads\/2024\/12\/Plan-de-travail-\u2013-70-768x435.jpg 768w\" sizes=\"(max-width: 963px) 100vw, 963px\" \/>\t\t\t\t\t\t\t\t\t\t\t\t\t\t\t<\/div>\n\t\t\t\t<\/div>\n\t\t\t\t<\/aside>\n\t\t<div class=\"elementor-element elementor-element-8831061 e-flex e-con-boxed e-con e-child\" data-id=\"8831061\" data-element_type=\"container\" data-settings=\"{&quot;background_background&quot;:&quot;classic&quot;}\">\n\t\t\t\t\t<div class=\"e-con-inner\">\n\t\t\t\t<div class=\"elementor-element elementor-element-8268347 elementor-widget elementor-widget-heading\" data-id=\"8268347\" data-element_type=\"widget\" data-widget_type=\"heading.default\">\n\t\t\t\t<div class=\"elementor-widget-container\">\n\t\t\t\t\t<h2 class=\"elementor-heading-title elementor-size-default\">Vereinfachen Sie die Verwaltung Ihres Zentrums mit dem Multiaktivit\u00e4tsplaner, einer intuitiven L\u00f6sung.<\/h2>\t\t\t\t<\/div>\n\t\t\t\t<\/div>\n\t\t\t\t<div class=\"elementor-element elementor-element-0869057 elementor-widget elementor-widget-text-editor\" data-id=\"0869057\" data-element_type=\"widget\" data-widget_type=\"text-editor.default\">\n\t\t\t\t<div class=\"elementor-widget-container\">\n\t\t\t\t\t\t\t\t\t<p>Der Kalender ist mit der Verkaufsstelle verbunden, so dass Sie schnell einen \u00dcberblick \u00fcber bezahlte und unbezahlte Buchungen sowie \u00fcber best\u00e4tigte und ausstehende Buchungen haben.<\/p>\n<p>Wenn Sie eine telefonische Buchung vornehmen, senden Sie direkt aus der Buchung einen Zahlungslink f\u00fcr die Bezahlung der Buchung an den Kunden.<\/p>\n<p>Vereinfachen Sie die Verwaltung Ihrer Veranstaltungen und greifen Sie mit dem Web Pro Abonnement von einem Tablet oder Smartphone aus jederzeit auf Ihren Kalender zu. Optimieren Sie Ihre Organisation mit schnellen Einstellungen, pr\u00e4ziser Raumplanung und Aktivit\u00e4ten, die auf Ihre Bed\u00fcrfnisse zugeschnitten sind. <\/p>\n\t\t\t\t\t\t\t\t<\/div>\n\t\t\t\t<\/div>\n\t\t\t\t<div class=\"elementor-element elementor-element-9cb6380 elementor-absolute pa-display-conditions-yes elementor-widget elementor-widget-image\" data-id=\"9cb6380\" data-element_type=\"widget\" data-settings=\"{&quot;_position&quot;:&quot;absolute&quot;,&quot;pa_display_conditions_switcher&quot;:&quot;yes&quot;}\" data-widget_type=\"image.default\">\n\t\t\t\t<div class=\"elementor-widget-container\">\n\t\t\t\t\t\t\t\t\t\t\t\t\t\t\t<img decoding=\"async\" src=\"https:\/\/www.apex-timing.com\/wordpress\/wp-content\/uploads\/elementor\/thumbs\/los-r0nou6bdm5ramz979n9osoo9nyy9luza5r8ppdebg4.png\" title=\"los\" alt=\"Apex Timing\" loading=\"lazy\" \/>\t\t\t\t\t\t\t\t\t\t\t\t\t\t\t<\/div>\n\t\t\t\t<\/div>\n\t\t\t\t<div class=\"elementor-element elementor-element-2302272 elementor-mobile-align-justify elementor-widget elementor-widget-button\" data-id=\"2302272\" data-element_type=\"widget\" data-widget_type=\"button.default\">\n\t\t\t\t<div class=\"elementor-widget-container\">\n\t\t\t\t\t\t\t\t\t<div class=\"elementor-button-wrapper\">\n\t\t\t\t\t<a class=\"elementor-button elementor-button-link elementor-size-sm\" href=\"https:\/\/www.apex-timing.com\/de\/kontakt-apex-timing-support-softwareloesungen\/\">\n\t\t\t\t\t\t<span class=\"elementor-button-content-wrapper\">\n\t\t\t\t\t\t\t\t\t<span class=\"elementor-button-text\">Installieren Sie das Tool bei mir zu Hause<\/span>\n\t\t\t\t\t<\/span>\n\t\t\t\t\t<\/a>\n\t\t\t\t<\/div>\n\t\t\t\t\t\t\t\t<\/div>\n\t\t\t\t<\/div>\n\t\t\t\t\t<\/div>\n\t\t\t\t<\/div>\n\t\t\t\t<\/div>\n\t\t<div class=\"elementor-element elementor-element-e5c8ac2 e-con-full e-flex e-con e-parent\" data-id=\"e5c8ac2\" data-element_type=\"container\">\n\t\t\t\t<div class=\"elementor-element elementor-element-008cf7f elementor-mobile-align-justify elementor-widget elementor-widget-button\" data-id=\"008cf7f\" data-element_type=\"widget\" data-widget_type=\"button.default\">\n\t\t\t\t<div class=\"elementor-widget-container\">\n\t\t\t\t\t\t\t\t\t<div class=\"elementor-button-wrapper\">\n\t\t\t\t\t<a class=\"elementor-button elementor-button-link elementor-size-sm\" href=\"https:\/\/www.apex-timing.com\/de\/software-fuer-die-verwaltung-von-freizeitzentren\/#calendrier\">\n\t\t\t\t\t\t<span class=\"elementor-button-content-wrapper\">\n\t\t\t\t\t\t\t\t\t<span class=\"elementor-button-text\">Zur\u00fcck zu allen Funktionen<\/span>\n\t\t\t\t\t<\/span>\n\t\t\t\t\t<\/a>\n\t\t\t\t<\/div>\n\t\t\t\t\t\t\t\t<\/div>\n\t\t\t\t<\/div>\n\t\t\t\t<\/div>\n\t\t<div class=\"elementor-element elementor-element-e908af2 e-con-full e-flex e-con e-parent\" data-id=\"e908af2\" data-element_type=\"container\">\n\t\t\t\t<div class=\"elementor-element elementor-element-4d499ad9 elementor-widget elementor-widget-heading\" data-id=\"4d499ad9\" data-element_type=\"widget\" data-widget_type=\"heading.default\">\n\t\t\t\t<div class=\"elementor-widget-container\">\n\t\t\t\t\t<h2 class=\"elementor-heading-title elementor-size-default\">WARUM SOLLTEN SIE SICH F\u00dcR <span class=\"titlebluebold\">APEX TIMING<\/span> ENTSCHEIDEN?<\/h2>\t\t\t\t<\/div>\n\t\t\t\t<\/div>\n\t\t\t\t<\/div>\n\t\t<div class=\"elementor-element elementor-element-2c204860 e-con-full e-flex e-con e-parent\" data-id=\"2c204860\" data-element_type=\"container\" data-settings=\"{&quot;background_background&quot;:&quot;classic&quot;}\">\n\t\t<div class=\"elementor-element elementor-element-73932ebf e-con-full e-flex e-con e-child\" data-id=\"73932ebf\" data-element_type=\"container\" data-settings=\"{&quot;position&quot;:&quot;absolute&quot;}\">\n\t\t\t\t<div class=\"elementor-element elementor-element-738fa11d elementor-widget__width-inherit elementor-position-top elementor-widget elementor-widget-image-box\" data-id=\"738fa11d\" data-element_type=\"widget\" data-widget_type=\"image-box.default\">\n\t\t\t\t<div class=\"elementor-widget-container\">\n\t\t\t\t\t<div class=\"elementor-image-box-wrapper\"><figure class=\"elementor-image-box-img\"><img decoding=\"async\" src=\"https:\/\/www.apex-timing.com\/wordpress\/wp-content\/uploads\/elementor\/thumbs\/assistance@2x-r0nou6be3p9va6ip17m5n47m2wmx2k9kih2s5xl7gk.png\" title=\"assistance@2x\" alt=\"assistance_support\" loading=\"lazy\" \/><\/figure><div class=\"elementor-image-box-content\"><h3 class=\"elementor-image-box-title\">Unterst\u00fctzung 7\/7<\/h3><p class=\"elementor-image-box-description\">Unser Service ist reaktiv und professionell w\u00e4hrend der ganzen Woche, an Wochenenden und Feiertagen.<\/p><\/div><\/div>\t\t\t\t<\/div>\n\t\t\t\t<\/div>\n\t\t\t\t<div class=\"elementor-element elementor-element-6f2c27c6 elementor-widget__width-inherit elementor-position-top elementor-widget elementor-widget-image-box\" data-id=\"6f2c27c6\" data-element_type=\"widget\" data-widget_type=\"image-box.default\">\n\t\t\t\t<div class=\"elementor-widget-container\">\n\t\t\t\t\t<div class=\"elementor-image-box-wrapper\"><figure class=\"elementor-image-box-img\"><img decoding=\"async\" src=\"https:\/\/www.apex-timing.com\/wordpress\/wp-content\/uploads\/elementor\/thumbs\/formation@2x-r0nou6be3p9va6ip17m5n47m2wmx2k9kih2s5xl7gk.png\" title=\"formation@2x\" alt=\"formation@2x\" loading=\"lazy\" \/><\/figure><div class=\"elementor-image-box-content\"><h3 class=\"elementor-image-box-title\">Ausbildung<\/h3><p class=\"elementor-image-box-description\">Unterst\u00fctzung f\u00fcr eine optimale Nutzung der Software. Profitieren Sie auch von der Online-Hilfe und den Verfahren zur einfachen Nutzung unserer L\u00f6sung. <\/p><\/div><\/div>\t\t\t\t<\/div>\n\t\t\t\t<\/div>\n\t\t\t\t<div class=\"elementor-element elementor-element-55d02200 elementor-widget__width-inherit elementor-position-top elementor-widget elementor-widget-image-box\" data-id=\"55d02200\" data-element_type=\"widget\" data-widget_type=\"image-box.default\">\n\t\t\t\t<div class=\"elementor-widget-container\">\n\t\t\t\t\t<div class=\"elementor-image-box-wrapper\"><figure class=\"elementor-image-box-img\"><img decoding=\"async\" src=\"https:\/\/www.apex-timing.com\/wordpress\/wp-content\/uploads\/elementor\/thumbs\/miseajour@2x-r0nou6be3p9va6ip17m5n47m2wmx2k9kih2s5xl7gk.png\" title=\"miseajour@2x\" alt=\"miseajour@2x\" loading=\"lazy\" \/><\/figure><div class=\"elementor-image-box-content\"><h3 class=\"elementor-image-box-title\">Aktualisierungen<\/h3><p class=\"elementor-image-box-description\">Die Updates erfolgen automatisch, so dass Sie st\u00e4ndig Zugang zu neuen Funktionen haben.<\/p><\/div><\/div>\t\t\t\t<\/div>\n\t\t\t\t<\/div>\n\t\t\t\t<div class=\"elementor-element elementor-element-269fb9bd elementor-widget__width-inherit elementor-position-top elementor-widget elementor-widget-image-box\" data-id=\"269fb9bd\" data-element_type=\"widget\" data-widget_type=\"image-box.default\">\n\t\t\t\t<div class=\"elementor-widget-container\">\n\t\t\t\t\t<div class=\"elementor-image-box-wrapper\"><figure class=\"elementor-image-box-img\"><img decoding=\"async\" src=\"https:\/\/www.apex-timing.com\/wordpress\/wp-content\/uploads\/elementor\/thumbs\/premium@2x-r0nou6be3p9va6ip17m5n47m2wmx2k9kih2s5xl7gk.png\" title=\"premium@2x\" alt=\"premium@2x\" loading=\"lazy\" \/><\/figure><div class=\"elementor-image-box-content\"><h3 class=\"elementor-image-box-title\">Hybridl\u00f6sung<\/h3><p class=\"elementor-image-box-description\">Unsere Software funktioniert ohne Internetverbindung.<\/p><\/div><\/div>\t\t\t\t<\/div>\n\t\t\t\t<\/div>\n\t\t\t\t<div class=\"elementor-element elementor-element-4bb73e6a elementor-widget__width-inherit elementor-position-top elementor-widget elementor-widget-image-box\" data-id=\"4bb73e6a\" data-element_type=\"widget\" data-widget_type=\"image-box.default\">\n\t\t\t\t<div class=\"elementor-widget-container\">\n\t\t\t\t\t<div class=\"elementor-image-box-wrapper\"><figure class=\"elementor-image-box-img\"><img decoding=\"async\" src=\"https:\/\/www.apex-timing.com\/wordpress\/wp-content\/uploads\/elementor\/thumbs\/pasfrais@2x-r0nou6be3p9va6ip17m5n47m2wmx2k9kih2s5xl7gk.png\" title=\"pasfrais@2x\" alt=\"pasfrais@2x\" loading=\"lazy\" \/><\/figure><div class=\"elementor-image-box-content\"><h3 class=\"elementor-image-box-title\">Keine versteckten Kosten<\/h3><p class=\"elementor-image-box-description\">Keine versteckten Kosten bei Apex Timing! Keine Kosten pro Mitglied oder Verkaufsprovision. <\/p><\/div><\/div>\t\t\t\t<\/div>\n\t\t\t\t<\/div>\n\t\t\t\t<\/div>\n\t\t\t\t<\/div>\n\t\t<div class=\"elementor-element elementor-element-7f14a5e4 e-con-full e-flex e-con e-parent\" data-id=\"7f14a5e4\" data-element_type=\"container\" data-settings=\"{&quot;background_background&quot;:&quot;classic&quot;}\">\n\t\t\t\t<div class=\"elementor-element elementor-element-eda2cd7 elementor-mobile-align-justify elementor-widget elementor-widget-button\" data-id=\"eda2cd7\" data-element_type=\"widget\" data-widget_type=\"button.default\">\n\t\t\t\t<div class=\"elementor-widget-container\">\n\t\t\t\t\t\t\t\t\t<div class=\"elementor-button-wrapper\">\n\t\t\t\t\t<a class=\"elementor-button elementor-button-link elementor-size-sm\" href=\"https:\/\/www.apex-timing.com\/de\/kontakt-apex-timing-support-softwareloesungen\/\">\n\t\t\t\t\t\t<span class=\"elementor-button-content-wrapper\">\n\t\t\t\t\t\t\t\t\t<span class=\"elementor-button-text\">Kontaktieren Sie uns<\/span>\n\t\t\t\t\t<\/span>\n\t\t\t\t\t<\/a>\n\t\t\t\t<\/div>\n\t\t\t\t\t\t\t\t<\/div>\n\t\t\t\t<\/div>\n\t\t\t\t<\/div>\n\t\t\t\t<\/div>\n\t\t","protected":false},"excerpt":{"rendered":"<p>PLANEN, VERWALTEN UND VISUALISIEREN SIE DIE AKTIVIT\u00c4TEN VON IHREM ZENTRUM. Mit dem Multiaktivit\u00e4tskalender k\u00f6nnen Sie alle Ihre Pisten\/R\u00e4ume und deren Belegung einsehen. Kontaktieren Sie uns DIE ORGANISATION VON GRUPPEN, ANIMATIONEN, AUSDAUER UND PISTENVERMIETUNGEN IST EIN KINDERSPIEL. Erstellen Sie Ihre Veranstaltung oder verwalten Sie Ihre Sitzungsreservierungen zum geplanten Zeitpunkt in Sekundenschnelle! Sie k\u00f6nnen Ihren Multiaktivit\u00e4tsplan von [&hellip;]<\/p>\n","protected":false},"author":3,"featured_media":0,"parent":0,"menu_order":0,"comment_status":"closed","ping_status":"closed","template":"elementor_header_footer","meta":{"ocean_post_layout":"","ocean_both_sidebars_style":"","ocean_both_sidebars_content_width":0,"ocean_both_sidebars_sidebars_width":0,"ocean_sidebar":"0","ocean_second_sidebar":"0","ocean_disable_margins":"enable","ocean_add_body_class":"","ocean_shortcode_before_top_bar":"","ocean_shortcode_after_top_bar":"","ocean_shortcode_before_header":"","ocean_shortcode_after_header":"","ocean_has_shortcode":"","ocean_shortcode_after_title":"","ocean_shortcode_before_footer_widgets":"","ocean_shortcode_after_footer_widgets":"","ocean_shortcode_before_footer_bottom":"","ocean_shortcode_after_footer_bottom":"","ocean_display_top_bar":"default","ocean_display_header":"default","ocean_header_style":"","ocean_center_header_left_menu":"0","ocean_custom_header_template":"0","ocean_custom_logo":0,"ocean_custom_retina_logo":0,"ocean_custom_logo_max_width":0,"ocean_custom_logo_tablet_max_width":0,"ocean_custom_logo_mobile_max_width":0,"ocean_custom_logo_max_height":0,"ocean_custom_logo_tablet_max_height":0,"ocean_custom_logo_mobile_max_height":0,"ocean_header_custom_menu":"0","ocean_menu_typo_font_family":"0","ocean_menu_typo_font_subset":"","ocean_menu_typo_font_size":0,"ocean_menu_typo_font_size_tablet":0,"ocean_menu_typo_font_size_mobile":0,"ocean_menu_typo_font_size_unit":"px","ocean_menu_typo_font_weight":"","ocean_menu_typo_font_weight_tablet":"","ocean_menu_typo_font_weight_mobile":"","ocean_menu_typo_transform":"","ocean_menu_typo_transform_tablet":"","ocean_menu_typo_transform_mobile":"","ocean_menu_typo_line_height":0,"ocean_menu_typo_line_height_tablet":0,"ocean_menu_typo_line_height_mobile":0,"ocean_menu_typo_line_height_unit":"","ocean_menu_typo_spacing":0,"ocean_menu_typo_spacing_tablet":0,"ocean_menu_typo_spacing_mobile":0,"ocean_menu_typo_spacing_unit":"","ocean_menu_link_color":"","ocean_menu_link_color_hover":"","ocean_menu_link_color_active":"","ocean_menu_link_background":"","ocean_menu_link_hover_background":"","ocean_menu_link_active_background":"","ocean_menu_social_links_bg":"","ocean_menu_social_hover_links_bg":"","ocean_menu_social_links_color":"","ocean_menu_social_hover_links_color":"","ocean_disable_title":"on","ocean_disable_heading":"default","ocean_post_title":"","ocean_post_subheading":"","ocean_post_title_style":"","ocean_post_title_background_color":"","ocean_post_title_background":0,"ocean_post_title_bg_image_position":"","ocean_post_title_bg_image_attachment":"","ocean_post_title_bg_image_repeat":"","ocean_post_title_bg_image_size":"","ocean_post_title_height":0,"ocean_post_title_bg_overlay":0.5,"ocean_post_title_bg_overlay_color":"","ocean_disable_breadcrumbs":"default","ocean_breadcrumbs_color":"","ocean_breadcrumbs_separator_color":"","ocean_breadcrumbs_links_color":"","ocean_breadcrumbs_links_hover_color":"","ocean_display_footer_widgets":"default","ocean_display_footer_bottom":"default","ocean_custom_footer_template":"0","footnotes":""},"class_list":["post-4428","page","type-page","status-publish","hentry","entry"],"_links":{"self":[{"href":"https:\/\/www.apex-timing.com\/de\/wp-json\/wp\/v2\/pages\/4428","targetHints":{"allow":["GET"]}}],"collection":[{"href":"https:\/\/www.apex-timing.com\/de\/wp-json\/wp\/v2\/pages"}],"about":[{"href":"https:\/\/www.apex-timing.com\/de\/wp-json\/wp\/v2\/types\/page"}],"author":[{"embeddable":true,"href":"https:\/\/www.apex-timing.com\/de\/wp-json\/wp\/v2\/users\/3"}],"replies":[{"embeddable":true,"href":"https:\/\/www.apex-timing.com\/de\/wp-json\/wp\/v2\/comments?post=4428"}],"version-history":[{"count":1,"href":"https:\/\/www.apex-timing.com\/de\/wp-json\/wp\/v2\/pages\/4428\/revisions"}],"predecessor-version":[{"id":5803,"href":"https:\/\/www.apex-timing.com\/de\/wp-json\/wp\/v2\/pages\/4428\/revisions\/5803"}],"wp:attachment":[{"href":"https:\/\/www.apex-timing.com\/de\/wp-json\/wp\/v2\/media?parent=4428"}],"curies":[{"name":"wp","href":"https:\/\/api.w.org\/{rel}","templated":true}]}}