{"id":4477,"date":"2024-10-30T11:07:49","date_gmt":"2024-10-30T10:07:49","guid":{"rendered":"https:\/\/www2.apex-timing.com\/wordpress\/kommunikation\/"},"modified":"2025-01-27T22:47:59","modified_gmt":"2025-01-27T21:47:59","slug":"kommunikation","status":"publish","type":"page","link":"https:\/\/www.apex-timing.com\/de\/kommunikation\/","title":{"rendered":"Kommunikation mit Kunden B2B B2C"},"content":{"rendered":"\t\t<div data-elementor-type=\"wp-page\" data-elementor-id=\"4477\" class=\"elementor elementor-4477 elementor-818\">\n\t\t\t\t<div class=\"elementor-element elementor-element-2aadba8 e-con-full e-flex e-con e-parent\" data-id=\"2aadba8\" data-element_type=\"container\" data-settings=\"{&quot;background_background&quot;:&quot;classic&quot;}\">\n\t\t<div class=\"elementor-element elementor-element-932f8b1 e-con-full e-flex e-con e-child\" data-id=\"932f8b1\" data-element_type=\"container\">\n\t\t\t\t<div class=\"elementor-element elementor-element-e186b45 elementor-widget__width-initial elementor-widget-mobile__width-initial elementor-widget elementor-widget-heading\" data-id=\"e186b45\" data-element_type=\"widget\" data-widget_type=\"heading.default\">\n\t\t\t\t<div class=\"elementor-widget-container\">\n\t\t\t\t\t<h2 class=\"elementor-heading-title elementor-size-default\">GEZIELTE UND EFFEKTIVE KOMMUNIKATION, UM IHREN KUNDEN NAHE ZU BLEIBEN<\/h2>\t\t\t\t<\/div>\n\t\t\t\t<\/div>\n\t\t\t\t<div class=\"elementor-element elementor-element-1541de6 elementor-widget elementor-widget-text-editor\" data-id=\"1541de6\" data-element_type=\"widget\" data-widget_type=\"text-editor.default\">\n\t\t\t\t<div class=\"elementor-widget-container\">\n\t\t\t\t\t\t\t\t\t<p>Greifen Sie auf unsere Tools zu, um effektiv mit Ihren Kunden zu kommunizieren.  <\/p>\n<p>Alle Werkzeuge sind so konzipiert, dass Sie sie selbst\u00e4ndig nutzen k\u00f6nnen.<\/p>\n\t\t\t\t\t\t\t\t<\/div>\n\t\t\t\t<\/div>\n\t\t\t\t<div class=\"elementor-element elementor-element-969201a elementor-mobile-align-justify elementor-widget elementor-widget-button\" data-id=\"969201a\" data-element_type=\"widget\" data-widget_type=\"button.default\">\n\t\t\t\t<div class=\"elementor-widget-container\">\n\t\t\t\t\t\t\t\t\t<div class=\"elementor-button-wrapper\">\n\t\t\t\t\t<a class=\"elementor-button elementor-button-link elementor-size-sm\" href=\"https:\/\/www.apex-timing.com\/de\/kontakt-apex-timing-support-softwareloesungen\/\">\n\t\t\t\t\t\t<span class=\"elementor-button-content-wrapper\">\n\t\t\t\t\t\t\t\t\t<span class=\"elementor-button-text\">Kontaktieren Sie uns<\/span>\n\t\t\t\t\t<\/span>\n\t\t\t\t\t<\/a>\n\t\t\t\t<\/div>\n\t\t\t\t\t\t\t\t<\/div>\n\t\t\t\t<\/div>\n\t\t\t\t<\/div>\n\t\t<div class=\"elementor-element elementor-element-191ce88 e-con-full e-flex e-con e-child\" data-id=\"191ce88\" data-element_type=\"container\">\n\t\t\t\t<\/div>\n\t\t\t\t<\/div>\n\t\t<div class=\"elementor-element elementor-element-66d9673 e-con-full e-flex e-con e-parent\" data-id=\"66d9673\" data-element_type=\"container\" data-settings=\"{&quot;background_background&quot;:&quot;classic&quot;}\">\n\t\t<div class=\"elementor-element elementor-element-be607e4 e-con-full e-flex e-con e-child\" data-id=\"be607e4\" data-element_type=\"container\">\n\t\t\t\t<div class=\"elementor-element elementor-element-237921f elementor-absolute pa-display-conditions-yes elementor-widget elementor-widget-image\" data-id=\"237921f\" data-element_type=\"widget\" data-settings=\"{&quot;_position&quot;:&quot;absolute&quot;,&quot;pa_display_conditions_switcher&quot;:&quot;yes&quot;}\" data-widget_type=\"image.default\">\n\t\t\t\t<div class=\"elementor-widget-container\">\n\t\t\t\t\t\t\t\t\t\t\t\t\t\t\t<img decoding=\"async\" src=\"https:\/\/www.apex-timing.com\/wordpress\/wp-content\/uploads\/elementor\/thumbs\/los-r0nou6bdm5ramz979n9osoo9nyy9luza5r8ppdebg4.png\" title=\"los\" alt=\"Apex Timing\" loading=\"lazy\" \/>\t\t\t\t\t\t\t\t\t\t\t\t\t\t\t<\/div>\n\t\t\t\t<\/div>\n\t\t\t\t<div class=\"elementor-element elementor-element-566c270 elementor-widget elementor-widget-heading\" data-id=\"566c270\" data-element_type=\"widget\" data-widget_type=\"heading.default\">\n\t\t\t\t<div class=\"elementor-widget-container\">\n\t\t\t\t\t<h2 class=\"elementor-heading-title elementor-size-default\">KOMMUNIZIEREN SIE SCHNELL UND EFFEKTIV MIT <span>SMS.<\/span><\/h2>\t\t\t\t<\/div>\n\t\t\t\t<\/div>\n\t\t\t\t<div class=\"elementor-element elementor-element-badeb93 elementor-widget elementor-widget-text-editor\" data-id=\"badeb93\" data-element_type=\"widget\" data-widget_type=\"text-editor.default\">\n\t\t\t\t<div class=\"elementor-widget-container\">\n\t\t\t\t\t\t\t\t\t<p>Senden Sie SMS, um eine Buchung zu best\u00e4tigen oder zu erinnern.<\/p>\n<p>Die Kommunikation per SMS erm\u00f6glicht eine fast sofortige Lesbarkeit. Sie erm\u00f6glicht es Ihnen, eine enge Verbindung zu Ihren Kunden zu halten. <\/p>\n\t\t\t\t\t\t\t\t<\/div>\n\t\t\t\t<\/div>\n\t\t\t\t<\/div>\n\t\t<div class=\"elementor-element elementor-element-adda004 e-con-full e-flex e-con e-child\" data-id=\"adda004\" data-element_type=\"container\" data-settings=\"{&quot;background_background&quot;:&quot;classic&quot;}\">\n\t\t\t\t<\/div>\n\t\t\t\t<\/div>\n\t\t<div class=\"elementor-element elementor-element-a9b9a52 e-con-full e-flex e-con e-parent\" data-id=\"a9b9a52\" data-element_type=\"container\" data-settings=\"{&quot;background_background&quot;:&quot;classic&quot;}\">\n\t\t<aside class=\"elementor-element elementor-element-2896202 e-con-full e-flex e-con e-child\" data-id=\"2896202\" data-element_type=\"container\" data-settings=\"{&quot;background_background&quot;:&quot;classic&quot;,&quot;xpro_backdrop_filter&quot;:&quot;yes&quot;}\">\n\t\t\t\t<\/aside>\n\t\t<div class=\"elementor-element elementor-element-8831061 e-flex e-con-boxed e-con e-child\" data-id=\"8831061\" data-element_type=\"container\">\n\t\t\t\t\t<div class=\"e-con-inner\">\n\t\t\t\t<div class=\"elementor-element elementor-element-3874dd9 elementor-widget elementor-widget-heading\" data-id=\"3874dd9\" data-element_type=\"widget\" data-widget_type=\"heading.default\">\n\t\t\t\t<div class=\"elementor-widget-container\">\n\t\t\t\t\t<h2 class=\"elementor-heading-title elementor-size-default\"><span class=\"titlebluebold\">PLANEN SIE IHRE AUTOMATISCHEN E-MAILS<\/span><\/h2>\t\t\t\t<\/div>\n\t\t\t\t<\/div>\n\t\t\t\t<div class=\"elementor-element elementor-element-0869057 elementor-widget elementor-widget-text-editor\" data-id=\"0869057\" data-element_type=\"widget\" data-widget_type=\"text-editor.default\">\n\t\t\t\t<div class=\"elementor-widget-container\">\n\t\t\t\t\t\t\t\t\t<p>E-Mailing ist ein effektives Kommunikationsmittel, das es Ihnen erm\u00f6glicht, sich \u00fcber formelle und informelle Themen auszutauschen. Aktuelles aus Ihrem Zentrum (Neuheiten, neue \u00d6ffnungszeiten, Schlie\u00dfungen&#8230;), Buchungserinnerungen, personalisierte Angebote f\u00fcr eine bestimmte Kundenliste. <\/p>\n<p>Parametrisieren Sie Ihre E-Mailings nach verschiedenen Ausl\u00f6sern (Geburtstage, Ergebnisse&#8230;).<\/p>\n\t\t\t\t\t\t\t\t<\/div>\n\t\t\t\t<\/div>\n\t\t\t\t<div class=\"elementor-element elementor-element-9cb6380 elementor-absolute pa-display-conditions-yes elementor-widget elementor-widget-image\" data-id=\"9cb6380\" data-element_type=\"widget\" data-settings=\"{&quot;_position&quot;:&quot;absolute&quot;,&quot;pa_display_conditions_switcher&quot;:&quot;yes&quot;}\" data-widget_type=\"image.default\">\n\t\t\t\t<div class=\"elementor-widget-container\">\n\t\t\t\t\t\t\t\t\t\t\t\t\t\t\t<img decoding=\"async\" src=\"https:\/\/www.apex-timing.com\/wordpress\/wp-content\/uploads\/elementor\/thumbs\/los-r0nou6bdm5ramz979n9osoo9nyy9luza5r8ppdebg4.png\" title=\"los\" alt=\"Apex Timing\" loading=\"lazy\" \/>\t\t\t\t\t\t\t\t\t\t\t\t\t\t\t<\/div>\n\t\t\t\t<\/div>\n\t\t\t\t\t<\/div>\n\t\t\t\t<\/div>\n\t\t\t\t<\/div>\n\t\t<div class=\"elementor-element elementor-element-2f1d8e3 e-con-full e-flex e-con e-parent\" data-id=\"2f1d8e3\" data-element_type=\"container\" data-settings=\"{&quot;background_background&quot;:&quot;classic&quot;}\">\n\t\t<div class=\"elementor-element elementor-element-8a80033 e-con-full e-flex e-con e-child\" data-id=\"8a80033\" data-element_type=\"container\">\n\t\t\t\t<div class=\"elementor-element elementor-element-a90f701 elementor-absolute pa-display-conditions-yes elementor-widget elementor-widget-image\" data-id=\"a90f701\" data-element_type=\"widget\" data-settings=\"{&quot;_position&quot;:&quot;absolute&quot;,&quot;pa_display_conditions_switcher&quot;:&quot;yes&quot;}\" data-widget_type=\"image.default\">\n\t\t\t\t<div class=\"elementor-widget-container\">\n\t\t\t\t\t\t\t\t\t\t\t\t\t\t\t<img decoding=\"async\" src=\"https:\/\/www.apex-timing.com\/wordpress\/wp-content\/uploads\/elementor\/thumbs\/los-r0nou6bdm5ramz979n9osoo9nyy9luza5r8ppdebg4.png\" title=\"los\" alt=\"Apex Timing\" loading=\"lazy\" \/>\t\t\t\t\t\t\t\t\t\t\t\t\t\t\t<\/div>\n\t\t\t\t<\/div>\n\t\t\t\t<div class=\"elementor-element elementor-element-c372f58 elementor-widget elementor-widget-heading\" data-id=\"c372f58\" data-element_type=\"widget\" data-widget_type=\"heading.default\">\n\t\t\t\t<div class=\"elementor-widget-container\">\n\t\t\t\t\t<h2 class=\"elementor-heading-title elementor-size-default\"><span class=\"titlebluebold\">PUSH-BENACHRICHTIGUNGEN<\/span><\/h2>\t\t\t\t<\/div>\n\t\t\t\t<\/div>\n\t\t\t\t<div class=\"elementor-element elementor-element-8ffc067 elementor-widget elementor-widget-text-editor\" data-id=\"8ffc067\" data-element_type=\"widget\" data-widget_type=\"text-editor.default\">\n\t\t\t\t<div class=\"elementor-widget-container\">\n\t\t\t\t\t\t\t\t\t<p>Es handelt sich um eine Warnmeldung, die das Engagement der Nutzer steigern soll.<\/p>\n<p>Der Kunde erh\u00e4lt die Benachrichtigungen, sobald er die mobile Anwendung auf seinem Smartphone installiert hat.<\/p>\n\t\t\t\t\t\t\t\t<\/div>\n\t\t\t\t<\/div>\n\t\t\t\t<\/div>\n\t\t<div class=\"elementor-element elementor-element-eb61109 e-con-full e-flex e-con e-child\" data-id=\"eb61109\" data-element_type=\"container\" data-settings=\"{&quot;background_background&quot;:&quot;classic&quot;}\">\n\t\t\t\t<\/div>\n\t\t\t\t<\/div>\n\t\t<div class=\"elementor-element elementor-element-f3da195 e-con-full e-flex e-con e-parent\" data-id=\"f3da195\" data-element_type=\"container\">\n\t\t<div class=\"elementor-element elementor-element-3a59705 e-con-full e-flex e-con e-child\" data-id=\"3a59705\" data-element_type=\"container\">\n\t\t\t\t<div class=\"elementor-element elementor-element-b8e66ec elementor-widget elementor-widget-image\" data-id=\"b8e66ec\" data-element_type=\"widget\" data-widget_type=\"image.default\">\n\t\t\t\t<div class=\"elementor-widget-container\">\n\t\t\t\t\t\t\t\t\t\t\t\t\t\t\t<img fetchpriority=\"high\" decoding=\"async\" width=\"828\" height=\"1024\" src=\"https:\/\/www.apex-timing.com\/wordpress\/wp-content\/uploads\/2024\/10\/a-828x1024.png\" class=\"attachment-large size-large wp-image-827\" alt=\"newsletter_communication\" srcset=\"https:\/\/www.apex-timing.com\/wordpress\/wp-content\/uploads\/2024\/10\/a-828x1024.png 828w, https:\/\/www.apex-timing.com\/wordpress\/wp-content\/uploads\/2024\/10\/a-243x300.png 243w, https:\/\/www.apex-timing.com\/wordpress\/wp-content\/uploads\/2024\/10\/a-768x950.png 768w, https:\/\/www.apex-timing.com\/wordpress\/wp-content\/uploads\/2024\/10\/a.png 858w\" sizes=\"(max-width: 828px) 100vw, 828px\" \/>\t\t\t\t\t\t\t\t\t\t\t\t\t\t\t<\/div>\n\t\t\t\t<\/div>\n\t\t\t\t<\/div>\n\t\t<div class=\"elementor-element elementor-element-9f16fe8 e-con-full e-flex e-con e-child\" data-id=\"9f16fe8\" data-element_type=\"container\">\n\t\t\t\t<div class=\"elementor-element elementor-element-8174af4 elementor-widget elementor-widget-heading\" data-id=\"8174af4\" data-element_type=\"widget\" data-widget_type=\"heading.default\">\n\t\t\t\t<div class=\"elementor-widget-container\">\n\t\t\t\t\t<h2 class=\"elementor-heading-title elementor-size-default\">NEWSLETTER-TOOL<\/h2>\t\t\t\t<\/div>\n\t\t\t\t<\/div>\n\t\t\t\t<div class=\"elementor-element elementor-element-3dbc9ec elementor-widget elementor-widget-text-editor\" data-id=\"3dbc9ec\" data-element_type=\"widget\" data-widget_type=\"text-editor.default\">\n\t\t\t\t<div class=\"elementor-widget-container\">\n\t\t\t\t\t\t\t\t\t<p>In Ihrem Kundenbereich haben Sie Zugang zu unserem Newsletter-Tool, das einfach zu bedienen und leicht zu erlernen ist.<\/p>\n<p>Erstellen Sie eindrucksvolle E-Mail-Kampagnen mit gezielten Sendungen dank der Filter in der Datenbank.<\/p>\n<p>Analysieren Sie Ihre Kampagnen mithilfe von Statistiken: \u00d6ffnungsraten, erfolgreichste Kampagnen, Anzahl der Abmeldungen.<\/p>\n<p>Sparen Sie Zeit, indem Sie Vorlagen speichern und den Footer automatisieren: Adresse, soziale Netzwerke, Abmeldelink.<\/p>\n\t\t\t\t\t\t\t\t<\/div>\n\t\t\t\t<\/div>\n\t\t\t\t<\/div>\n\t\t\t\t<\/div>\n\t\t<div class=\"elementor-element elementor-element-e5c8ac2 e-con-full e-flex e-con e-parent\" data-id=\"e5c8ac2\" data-element_type=\"container\">\n\t\t\t\t<div class=\"elementor-element elementor-element-008cf7f elementor-mobile-align-justify elementor-widget elementor-widget-button\" data-id=\"008cf7f\" data-element_type=\"widget\" data-widget_type=\"button.default\">\n\t\t\t\t<div class=\"elementor-widget-container\">\n\t\t\t\t\t\t\t\t\t<div class=\"elementor-button-wrapper\">\n\t\t\t\t\t<a class=\"elementor-button elementor-button-link elementor-size-sm\" href=\"https:\/\/www.apex-timing.com\/de\/software-fuer-die-verwaltung-von-freizeitzentren\/#communication\">\n\t\t\t\t\t\t<span class=\"elementor-button-content-wrapper\">\n\t\t\t\t\t\t\t\t\t<span class=\"elementor-button-text\">Zur\u00fcck zu allen Funktionen<\/span>\n\t\t\t\t\t<\/span>\n\t\t\t\t\t<\/a>\n\t\t\t\t<\/div>\n\t\t\t\t\t\t\t\t<\/div>\n\t\t\t\t<\/div>\n\t\t\t\t<\/div>\n\t\t<div class=\"elementor-element elementor-element-1cdc6599 e-con-full e-flex e-con e-parent\" data-id=\"1cdc6599\" data-element_type=\"container\">\n\t\t\t\t<div class=\"elementor-element elementor-element-34708d3f elementor-widget elementor-widget-heading\" data-id=\"34708d3f\" data-element_type=\"widget\" data-widget_type=\"heading.default\">\n\t\t\t\t<div class=\"elementor-widget-container\">\n\t\t\t\t\t<h2 class=\"elementor-heading-title elementor-size-default\">WARUM SOLLTEN SIE SICH F\u00dcR <span class=\"titlebluebold\">APEX TIMING<\/span> ENTSCHEIDEN?<\/h2>\t\t\t\t<\/div>\n\t\t\t\t<\/div>\n\t\t\t\t<\/div>\n\t\t<div class=\"elementor-element elementor-element-3536d40f e-con-full e-flex e-con e-parent\" data-id=\"3536d40f\" data-element_type=\"container\" data-settings=\"{&quot;background_background&quot;:&quot;classic&quot;}\">\n\t\t<div class=\"elementor-element elementor-element-680666b6 e-con-full e-flex e-con e-child\" data-id=\"680666b6\" data-element_type=\"container\" data-settings=\"{&quot;position&quot;:&quot;absolute&quot;}\">\n\t\t\t\t<div class=\"elementor-element elementor-element-5835c1fa elementor-widget__width-inherit elementor-position-top elementor-widget elementor-widget-image-box\" data-id=\"5835c1fa\" data-element_type=\"widget\" data-widget_type=\"image-box.default\">\n\t\t\t\t<div class=\"elementor-widget-container\">\n\t\t\t\t\t<div class=\"elementor-image-box-wrapper\"><figure class=\"elementor-image-box-img\"><img decoding=\"async\" src=\"https:\/\/www.apex-timing.com\/wordpress\/wp-content\/uploads\/elementor\/thumbs\/assistance@2x-r0nou6be3p9va6ip17m5n47m2wmx2k9kih2s5xl7gk.png\" title=\"assistance@2x\" alt=\"assistance_support\" loading=\"lazy\" \/><\/figure><div class=\"elementor-image-box-content\"><h3 class=\"elementor-image-box-title\">Unterst\u00fctzung 7\/7<\/h3><p class=\"elementor-image-box-description\">Unser Service ist reaktiv und professionell w\u00e4hrend der ganzen Woche, an Wochenenden und Feiertagen.<\/p><\/div><\/div>\t\t\t\t<\/div>\n\t\t\t\t<\/div>\n\t\t\t\t<div class=\"elementor-element elementor-element-45575c9 elementor-widget__width-inherit elementor-position-top elementor-widget elementor-widget-image-box\" data-id=\"45575c9\" data-element_type=\"widget\" data-widget_type=\"image-box.default\">\n\t\t\t\t<div class=\"elementor-widget-container\">\n\t\t\t\t\t<div class=\"elementor-image-box-wrapper\"><figure class=\"elementor-image-box-img\"><img decoding=\"async\" src=\"https:\/\/www.apex-timing.com\/wordpress\/wp-content\/uploads\/elementor\/thumbs\/formation@2x-r0nou6be3p9va6ip17m5n47m2wmx2k9kih2s5xl7gk.png\" title=\"formation@2x\" alt=\"formation@2x\" loading=\"lazy\" \/><\/figure><div class=\"elementor-image-box-content\"><h3 class=\"elementor-image-box-title\">Ausbildung<\/h3><p class=\"elementor-image-box-description\">Unterst\u00fctzung f\u00fcr eine optimale Nutzung der Software. Profitieren Sie auch von der Online-Hilfe und den Verfahren zur einfachen Nutzung unserer L\u00f6sung. <\/p><\/div><\/div>\t\t\t\t<\/div>\n\t\t\t\t<\/div>\n\t\t\t\t<div class=\"elementor-element elementor-element-24f107bd elementor-widget__width-inherit elementor-position-top elementor-widget elementor-widget-image-box\" data-id=\"24f107bd\" data-element_type=\"widget\" data-widget_type=\"image-box.default\">\n\t\t\t\t<div class=\"elementor-widget-container\">\n\t\t\t\t\t<div class=\"elementor-image-box-wrapper\"><figure class=\"elementor-image-box-img\"><img decoding=\"async\" src=\"https:\/\/www.apex-timing.com\/wordpress\/wp-content\/uploads\/elementor\/thumbs\/miseajour@2x-r0nou6be3p9va6ip17m5n47m2wmx2k9kih2s5xl7gk.png\" title=\"miseajour@2x\" alt=\"miseajour@2x\" loading=\"lazy\" \/><\/figure><div class=\"elementor-image-box-content\"><h3 class=\"elementor-image-box-title\">Aktualisierungen<\/h3><p class=\"elementor-image-box-description\">Die Updates erfolgen automatisch, so dass Sie st\u00e4ndig Zugang zu neuen Funktionen haben.<\/p><\/div><\/div>\t\t\t\t<\/div>\n\t\t\t\t<\/div>\n\t\t\t\t<div class=\"elementor-element elementor-element-23607c1e elementor-widget__width-inherit elementor-position-top elementor-widget elementor-widget-image-box\" data-id=\"23607c1e\" data-element_type=\"widget\" data-widget_type=\"image-box.default\">\n\t\t\t\t<div class=\"elementor-widget-container\">\n\t\t\t\t\t<div class=\"elementor-image-box-wrapper\"><figure class=\"elementor-image-box-img\"><img decoding=\"async\" src=\"https:\/\/www.apex-timing.com\/wordpress\/wp-content\/uploads\/elementor\/thumbs\/premium@2x-r0nou6be3p9va6ip17m5n47m2wmx2k9kih2s5xl7gk.png\" title=\"premium@2x\" alt=\"premium@2x\" loading=\"lazy\" \/><\/figure><div class=\"elementor-image-box-content\"><h3 class=\"elementor-image-box-title\">Hybridl\u00f6sung<\/h3><p class=\"elementor-image-box-description\">Unsere Software funktioniert ohne Internetverbindung.<\/p><\/div><\/div>\t\t\t\t<\/div>\n\t\t\t\t<\/div>\n\t\t\t\t<div class=\"elementor-element elementor-element-37669eb3 elementor-widget__width-inherit elementor-position-top elementor-widget elementor-widget-image-box\" data-id=\"37669eb3\" data-element_type=\"widget\" data-widget_type=\"image-box.default\">\n\t\t\t\t<div class=\"elementor-widget-container\">\n\t\t\t\t\t<div class=\"elementor-image-box-wrapper\"><figure class=\"elementor-image-box-img\"><img decoding=\"async\" src=\"https:\/\/www.apex-timing.com\/wordpress\/wp-content\/uploads\/elementor\/thumbs\/pasfrais@2x-r0nou6be3p9va6ip17m5n47m2wmx2k9kih2s5xl7gk.png\" title=\"pasfrais@2x\" alt=\"pasfrais@2x\" loading=\"lazy\" \/><\/figure><div class=\"elementor-image-box-content\"><h3 class=\"elementor-image-box-title\">Keine versteckten Kosten<\/h3><p class=\"elementor-image-box-description\">Keine versteckten Kosten bei Apex Timing! Keine Kosten pro Mitglied oder Verkaufsprovision. <\/p><\/div><\/div>\t\t\t\t<\/div>\n\t\t\t\t<\/div>\n\t\t\t\t<\/div>\n\t\t\t\t<\/div>\n\t\t<div class=\"elementor-element elementor-element-32ffe08f e-con-full e-flex e-con e-parent\" data-id=\"32ffe08f\" data-element_type=\"container\" data-settings=\"{&quot;background_background&quot;:&quot;classic&quot;}\">\n\t\t\t\t<div class=\"elementor-element elementor-element-7d851932 elementor-mobile-align-justify elementor-widget elementor-widget-button\" data-id=\"7d851932\" data-element_type=\"widget\" data-widget_type=\"button.default\">\n\t\t\t\t<div class=\"elementor-widget-container\">\n\t\t\t\t\t\t\t\t\t<div class=\"elementor-button-wrapper\">\n\t\t\t\t\t<a class=\"elementor-button elementor-button-link elementor-size-sm\" href=\"https:\/\/www.apex-timing.com\/de\/kontakt-apex-timing-support-softwareloesungen\/\">\n\t\t\t\t\t\t<span class=\"elementor-button-content-wrapper\">\n\t\t\t\t\t\t\t\t\t<span class=\"elementor-button-text\">Kontaktieren Sie uns<\/span>\n\t\t\t\t\t<\/span>\n\t\t\t\t\t<\/a>\n\t\t\t\t<\/div>\n\t\t\t\t\t\t\t\t<\/div>\n\t\t\t\t<\/div>\n\t\t\t\t<\/div>\n\t\t\t\t<\/div>\n\t\t","protected":false},"excerpt":{"rendered":"<p>GEZIELTE UND EFFEKTIVE KOMMUNIKATION, UM IHREN KUNDEN NAHE ZU BLEIBEN Greifen Sie auf unsere Tools zu, um effektiv mit Ihren Kunden zu kommunizieren. Alle Werkzeuge sind so konzipiert, dass Sie sie selbst\u00e4ndig nutzen k\u00f6nnen. Kontaktieren Sie uns KOMMUNIZIEREN SIE SCHNELL UND EFFEKTIV MIT SMS. Senden Sie SMS, um eine Buchung zu best\u00e4tigen oder zu erinnern. [&hellip;]<\/p>\n","protected":false},"author":3,"featured_media":3715,"parent":0,"menu_order":0,"comment_status":"closed","ping_status":"closed","template":"elementor_header_footer","meta":{"ocean_post_layout":"","ocean_both_sidebars_style":"","ocean_both_sidebars_content_width":0,"ocean_both_sidebars_sidebars_width":0,"ocean_sidebar":"0","ocean_second_sidebar":"0","ocean_disable_margins":"enable","ocean_add_body_class":"","ocean_shortcode_before_top_bar":"","ocean_shortcode_after_top_bar":"","ocean_shortcode_before_header":"","ocean_shortcode_after_header":"","ocean_has_shortcode":"","ocean_shortcode_after_title":"","ocean_shortcode_before_footer_widgets":"","ocean_shortcode_after_footer_widgets":"","ocean_shortcode_before_footer_bottom":"","ocean_shortcode_after_footer_bottom":"","ocean_display_top_bar":"default","ocean_display_header":"default","ocean_header_style":"","ocean_center_header_left_menu":"0","ocean_custom_header_template":"0","ocean_custom_logo":0,"ocean_custom_retina_logo":0,"ocean_custom_logo_max_width":0,"ocean_custom_logo_tablet_max_width":0,"ocean_custom_logo_mobile_max_width":0,"ocean_custom_logo_max_height":0,"ocean_custom_logo_tablet_max_height":0,"ocean_custom_logo_mobile_max_height":0,"ocean_header_custom_menu":"0","ocean_menu_typo_font_family":"0","ocean_menu_typo_font_subset":"","ocean_menu_typo_font_size":0,"ocean_menu_typo_font_size_tablet":0,"ocean_menu_typo_font_size_mobile":0,"ocean_menu_typo_font_size_unit":"px","ocean_menu_typo_font_weight":"","ocean_menu_typo_font_weight_tablet":"","ocean_menu_typo_font_weight_mobile":"","ocean_menu_typo_transform":"","ocean_menu_typo_transform_tablet":"","ocean_menu_typo_transform_mobile":"","ocean_menu_typo_line_height":0,"ocean_menu_typo_line_height_tablet":0,"ocean_menu_typo_line_height_mobile":0,"ocean_menu_typo_line_height_unit":"","ocean_menu_typo_spacing":0,"ocean_menu_typo_spacing_tablet":0,"ocean_menu_typo_spacing_mobile":0,"ocean_menu_typo_spacing_unit":"","ocean_menu_link_color":"","ocean_menu_link_color_hover":"","ocean_menu_link_color_active":"","ocean_menu_link_background":"","ocean_menu_link_hover_background":"","ocean_menu_link_active_background":"","ocean_menu_social_links_bg":"","ocean_menu_social_hover_links_bg":"","ocean_menu_social_links_color":"","ocean_menu_social_hover_links_color":"","ocean_disable_title":"on","ocean_disable_heading":"default","ocean_post_title":"","ocean_post_subheading":"","ocean_post_title_style":"","ocean_post_title_background_color":"","ocean_post_title_background":0,"ocean_post_title_bg_image_position":"","ocean_post_title_bg_image_attachment":"","ocean_post_title_bg_image_repeat":"","ocean_post_title_bg_image_size":"","ocean_post_title_height":0,"ocean_post_title_bg_overlay":0.5,"ocean_post_title_bg_overlay_color":"","ocean_disable_breadcrumbs":"default","ocean_breadcrumbs_color":"","ocean_breadcrumbs_separator_color":"","ocean_breadcrumbs_links_color":"","ocean_breadcrumbs_links_hover_color":"","ocean_display_footer_widgets":"default","ocean_display_footer_bottom":"default","ocean_custom_footer_template":"0","footnotes":""},"class_list":["post-4477","page","type-page","status-publish","has-post-thumbnail","hentry","entry","has-media"],"_links":{"self":[{"href":"https:\/\/www.apex-timing.com\/de\/wp-json\/wp\/v2\/pages\/4477","targetHints":{"allow":["GET"]}}],"collection":[{"href":"https:\/\/www.apex-timing.com\/de\/wp-json\/wp\/v2\/pages"}],"about":[{"href":"https:\/\/www.apex-timing.com\/de\/wp-json\/wp\/v2\/types\/page"}],"author":[{"embeddable":true,"href":"https:\/\/www.apex-timing.com\/de\/wp-json\/wp\/v2\/users\/3"}],"replies":[{"embeddable":true,"href":"https:\/\/www.apex-timing.com\/de\/wp-json\/wp\/v2\/comments?post=4477"}],"version-history":[{"count":0,"href":"https:\/\/www.apex-timing.com\/de\/wp-json\/wp\/v2\/pages\/4477\/revisions"}],"wp:featuredmedia":[{"embeddable":true,"href":"https:\/\/www.apex-timing.com\/de\/wp-json\/wp\/v2\/media\/3715"}],"wp:attachment":[{"href":"https:\/\/www.apex-timing.com\/de\/wp-json\/wp\/v2\/media?parent=4477"}],"curies":[{"name":"wp","href":"https:\/\/api.w.org\/{rel}","templated":true}]}}