{"id":4956,"date":"2025-01-20T13:05:02","date_gmt":"2025-01-20T12:05:02","guid":{"rendered":"https:\/\/www2.apex-timing.com\/wordpress\/?page_id=4956"},"modified":"2025-01-20T13:32:04","modified_gmt":"2025-01-20T12:32:04","slug":"datenschutzrichtlinie","status":"publish","type":"page","link":"https:\/\/www.apex-timing.com\/de\/datenschutzrichtlinie\/","title":{"rendered":"Datenschutzrichtlinie"},"content":{"rendered":"\t\t<div data-elementor-type=\"wp-page\" data-elementor-id=\"4956\" class=\"elementor elementor-4956\">\n\t\t\t\t<div class=\"elementor-element elementor-element-39724e3 e-con-full e-flex e-con e-parent\" data-id=\"39724e3\" data-element_type=\"container\">\n\t\t\t\t<div class=\"elementor-element elementor-element-37e8e48 elementor-widget elementor-widget-heading\" data-id=\"37e8e48\" data-element_type=\"widget\" data-widget_type=\"heading.default\">\n\t\t\t\t<div class=\"elementor-widget-container\">\n\t\t\t\t\t<h1 class=\"elementor-heading-title elementor-size-default\">Datenschutzerkl\u00e4rung<\/h1>\t\t\t\t<\/div>\n\t\t\t\t<\/div>\n\t\t\t\t<div class=\"elementor-element elementor-element-b6ad043 elementor-widget elementor-widget-text-editor\" data-id=\"b6ad043\" data-element_type=\"widget\" data-widget_type=\"text-editor.default\">\n\t\t\t\t<div class=\"elementor-widget-container\">\n\t\t\t\t\t\t\t\t\t<div><p><strong>Apex Timing<\/strong>, eine Gesellschaft mit einem einzigen Aktion\u00e4r und einem Kapital von 35.000 Euro, eingetragen in <strong>ANNECY<\/strong> unter der Nummer <strong>531 976 017<\/strong>, mit Sitz in <strong>11 ROUTE DE LA SALLE CRAN-GEVRIER 74960 ANNECY, FRANKREICH<\/strong>, verarbeitet m\u00f6glicherweise Ihre personenbezogenen Daten im Rahmen ihrer Gesch\u00e4ftst\u00e4tigkeit.<\/p><p><strong>Apex Timing<\/strong> verpflichtet sich, sicherzustellen, dass die Erhebung und Verarbeitung der genannten personenbezogenen Daten, die \u00fcber die Website <a href=\"https:\/\/www.apex-timing.com\/\" target=\"_new\" rel=\"noopener\">https:\/\/www.apex-timing.com\/<\/a>, die mobile Anwendung und\/oder im Zusammenhang mit der Nutzung der Apex-Timing-L\u00f6sungen durch Kunden erfolgt, in \u00dcbereinstimmung mit der <strong>Datenschutz-Grundverordnung (DSGVO)<\/strong> und dem <strong>franz\u00f6sischen Datenschutzgesetz Nr. 78-17 vom 6. Januar 1978 \u00fcber Datenverarbeitung, Dateien und Freiheiten<\/strong> in der jeweils g\u00fcltigen Fassung sowie mit den Empfehlungen der franz\u00f6sischen Datenschutzbeh\u00f6rde <strong>CNIL<\/strong> durchgef\u00fchrt wird.<\/p><p>Diese Richtlinie informiert Sie dar\u00fcber, wie <strong>Apex Timing<\/strong> Ihre personenbezogenen Daten verarbeitet. Sie wird regelm\u00e4\u00dfig aktualisiert, um Gesetzes- und Regulierungs\u00e4nderungen sowie organisatorische \u00c4nderungen bei <strong>Apex Timing<\/strong> zu ber\u00fccksichtigen. Diese Richtlinie wurde zuletzt am <strong>17.10.2022<\/strong> aktualisiert.<\/p><p><strong>Apex Timing<\/strong> kann diese Datenschutzrichtlinie gelegentlich \u00e4ndern. <strong>Apex Timing<\/strong> empfiehlt Ihnen, diese Seite regelm\u00e4\u00dfig zu besuchen, um \u00c4nderungen oder Aktualisierungen der Datenschutzrichtlinie zu \u00fcberpr\u00fcfen.<\/p><p>Um Ihre Privatsph\u00e4re und Ihre personenbezogenen Daten bestm\u00f6glich zu sch\u00fctzen, hat <strong>Apex Timing<\/strong> einen <strong>Datenschutzbeauftragten (DSB)<\/strong> ernannt. Diese Person ist die bevorzugte Kontaktperson f\u00fcr die Aufsichtsbeh\u00f6rde und daf\u00fcr verantwortlich, sicherzustellen, dass <strong>Apex Timing<\/strong> Ihre Daten gem\u00e4\u00df den Vorschriften verarbeitet. Sie k\u00f6nnen den Datenschutzbeauftragten von <strong>Apex Timing<\/strong> unter der folgenden Adresse kontaktieren: <strong><a rel=\"noopener\">dpo@apex-timing.com<\/a><\/strong>.<\/p><p>Die Nutzung der Website und\/oder der mobilen Anwendung von <strong>Apex Timing<\/strong> setzt Ihre uneingeschr\u00e4nkte Zustimmung zu dieser Datenschutzrichtlinie voraus. Wenn Sie mit einem ihrer Punkte nicht einverstanden sind, steht es Ihnen frei, unsere Dienste nicht zu nutzen.<\/p><hr \/><h3><strong>1. Verpflichtungen von Apex Timing<\/strong><\/h3><p><strong>Apex Timing<\/strong> verpflichtet sich, die geltenden Vorschriften f\u00fcr alle Verarbeitungen personenbezogener Daten einzuhalten, die sie durchf\u00fchrt. <strong>Apex Timing<\/strong> h\u00e4lt dabei folgende Grunds\u00e4tze ein:<\/p><ul><li><strong>Apex Timing<\/strong> verarbeitet Ihre personenbezogenen Daten rechtm\u00e4\u00dfig, fair und transparent;<\/li><li>Ihre Daten werden nur f\u00fcr spezifische, eindeutige und legitime Zwecke erhoben und nicht in einer Weise verarbeitet, die mit diesen Zwecken unvereinbar ist;<\/li><li>Die verarbeiteten personenbezogenen Daten sind angemessen, relevant und auf das Notwendige beschr\u00e4nkt;<\/li><li><strong>Apex Timing<\/strong> gew\u00e4hrleistet ein angemessenes Sicherheitsniveau f\u00fcr die Verarbeitung Ihrer Daten.<\/li><\/ul><p>Jede Verarbeitung erfolgt unter Ber\u00fccksichtigung der Grunds\u00e4tze des Datenschutzes, um den Grundsatz der <strong>\u201ePrivacy by Design\u201c<\/strong> zu erf\u00fcllen.<\/p><p><strong>Apex Timing<\/strong> verpflichtet sich, Ihre personenbezogenen Daten zu sch\u00fctzen und zu sichern. Daf\u00fcr arbeitet das Unternehmen ausschlie\u00dflich mit vertrauensw\u00fcrdigen Partnern zusammen.<\/p><p><strong>Apex Timing<\/strong> wird Ihre Rechte als betroffene Person respektieren und sich bem\u00fchen, begr\u00fcndete Anfragen zu erf\u00fcllen.<\/p><hr \/><h3><strong>2. Verpflichtungen von Apex Timing als Verantwortlicher<\/strong><\/h3><p>Wenn <strong>Apex Timing<\/strong> als Verantwortlicher handelt, ist das Unternehmen f\u00fcr die personenbezogenen Daten verantwortlich, die Sie direkt oder indirekt zur Verf\u00fcgung stellen.<\/p><p>Die \u00fcber unsere Formulare (Kontakt, Dokumentendownload, etc.) oder die unserer Gesch\u00e4ftspartner erhobenen Informationen sind ausschlie\u00dflich f\u00fcr <strong>Apex Timing<\/strong> bestimmt; sie werden nur dann an externe Stellen weitergegeben, wenn dies f\u00fcr Verwaltungszwecke oder zur Erf\u00fcllung gesetzlicher und regulatorischer Verpflichtungen erforderlich ist.<\/p><p>Die von <strong>Apex Timing<\/strong> erhobenen personenbezogenen Daten werden nach sicheren Protokollen verarbeitet. Dennoch kann <strong>Apex Timing<\/strong> die Vertraulichkeit von Nachrichten, die Sie \u00fcber ein offenes Telekommunikationsnetzwerk senden, nicht garantieren.<\/p><p>Zu den personenbezogenen Daten, die <strong>Apex Timing<\/strong> erheben kann, geh\u00f6ren beispielsweise:<\/p><ul><li><strong>Identit\u00e4tsdaten<\/strong>, wie Vor- und Nachname, Adresse, Telefonnummer, E-Mail-Adresse;<\/li><li><strong>Bewerbungsdaten<\/strong>, wie Lebenslauf, Abschl\u00fcsse, Berufserfahrung, falls Sie sich f\u00fcr eine Position bei <strong>Apex Timing<\/strong> bewerben;<\/li><li><strong>Berufliche Daten<\/strong>, wie Abschl\u00fcsse, Kompetenzen, berufliche Kontaktdaten, E-Mail-Adresse und Funktionen, wenn Sie Lieferant, Dienstleister oder Partner von <strong>Apex Timing<\/strong> sind.<\/li><\/ul><p>Die Verarbeitung personenbezogener Daten durch <strong>Apex Timing<\/strong> erfolgt zu spezifischen, legitimen und eindeutigen Zwecken. Zum Beispiel k\u00f6nnen Ihre Daten zu folgenden Zwecken verarbeitet werden:<\/p><ul><li><strong>Wenn Sie Kunde oder Interessent sind<\/strong>: Pflege der Kundenbeziehung, Versand von Newslettern oder Informationen zu unseren Softwarel\u00f6sungen, Rechnungsstellung, Buchhaltung;<\/li><li><strong>Wenn Sie sich f\u00fcr eine Position bei Apex Timing bewerben<\/strong>: Verwaltung Ihrer Bewerbung;<\/li><li><strong>Wenn Sie einen Newsletter abonnieren<\/strong>: Versand des Newsletters per E-Mail;<\/li><li><strong>Wenn Sie Lieferant, Partner oder Dienstleister sind<\/strong>: Verwaltung der Beziehung mit Ihnen.<\/li><\/ul><p>Die Rechtsgrundlage f\u00fcr die Verarbeitung Ihrer personenbezogenen Daten h\u00e4ngt vom jeweiligen Kontext ab:<\/p><ul><li>Erf\u00fcllung eines Vertrags;<\/li><li>Ihre Einwilligung;<\/li><li>Einhaltung gesetzlicher Verpflichtungen;<\/li><li>Berechtigtes Interesse von <strong>Apex Timing<\/strong>.<\/li><\/ul><hr \/><h3><strong>3. Verpflichtungen von Apex Timing als Auftragsverarbeiter<\/strong><\/h3><p>Als Anbieter von Softwarel\u00f6sungen erm\u00f6glicht es <strong>Apex Timing<\/strong> seinen Kunden, Ihre personenbezogenen Daten \u00fcber ihre Plattformen zu erheben, zu analysieren und zu verarbeiten.<br \/>Die Verarbeitung als Auftragsverarbeiter ist in den <strong>Allgemeinen Gesch\u00e4ftsbedingungen f\u00fcr die Nutzung und Wartung der Software<\/strong> geregelt.<\/p><hr \/><h3><strong>4. Besonderheiten der mobilen Anwendung<\/strong><\/h3><p>Bei der Nutzung der mobilen Anwendung k\u00f6nnen folgende Daten erhoben werden: Vor- und Nachname, Alter, Adresse, Telefonnummer, E-Mail-Adresse.<br \/>Diese Daten dienen der Bereitstellung und Optimierung der Dienste sowie der Sicherstellung eines sicheren Betriebs.<\/p><hr \/><h3><strong>5. Dauer der Datenspeicherung<\/strong><\/h3><p><strong>Apex Timing<\/strong> speichert personenbezogene Daten gem\u00e4\u00df den folgenden gesetzlichen Bestimmungen:<\/p><ul><li>Kundenkonto-Daten: 10 Jahre nach Vertragsende oder dem letzten Kontakt mit dem inaktiven Kunden;<\/li><li>Interessentendaten: 3 Jahre nach dem letzten Kontakt;<\/li><li>Daten inaktiver Kunden: 3 Jahre nach Beendigung der Gesch\u00e4ftsbeziehung.<\/li><\/ul><p>Wenn keine rechtlichen, gesch\u00e4ftlichen oder vertraglichen Anforderungen mehr bestehen, werden Ihre Daten sicher gel\u00f6scht.<\/p><hr \/><h3><strong>6. Cookies<\/strong><\/h3><p><strong>Apex Timing<\/strong> verwendet weder Cookies noch Tracking-Mechanismen auf seiner Website oder mobilen Anwendung.<\/p><\/div>\t\t\t\t\t\t\t\t<\/div>\n\t\t\t\t<\/div>\n\t\t\t\t<\/div>\n\t\t\t\t<\/div>\n\t\t","protected":false},"excerpt":{"rendered":"<p>Datenschutzerkl\u00e4rung Apex Timing, eine Gesellschaft mit einem einzigen Aktion\u00e4r und einem Kapital von 35.000 Euro, eingetragen in ANNECY unter der Nummer 531 976 017, mit Sitz in 11 ROUTE DE LA SALLE CRAN-GEVRIER 74960 ANNECY, FRANKREICH, verarbeitet m\u00f6glicherweise Ihre personenbezogenen Daten im Rahmen ihrer Gesch\u00e4ftst\u00e4tigkeit. Apex Timing verpflichtet sich, sicherzustellen, dass die Erhebung und Verarbeitung [&hellip;]<\/p>\n","protected":false},"author":3,"featured_media":0,"parent":0,"menu_order":0,"comment_status":"closed","ping_status":"closed","template":"elementor_header_footer","meta":{"ocean_post_layout":"","ocean_both_sidebars_style":"","ocean_both_sidebars_content_width":0,"ocean_both_sidebars_sidebars_width":0,"ocean_sidebar":"0","ocean_second_sidebar":"0","ocean_disable_margins":"enable","ocean_add_body_class":"","ocean_shortcode_before_top_bar":"","ocean_shortcode_after_top_bar":"","ocean_shortcode_before_header":"","ocean_shortcode_after_header":"","ocean_has_shortcode":"","ocean_shortcode_after_title":"","ocean_shortcode_before_footer_widgets":"","ocean_shortcode_after_footer_widgets":"","ocean_shortcode_before_footer_bottom":"","ocean_shortcode_after_footer_bottom":"","ocean_display_top_bar":"default","ocean_display_header":"default","ocean_header_style":"","ocean_center_header_left_menu":"0","ocean_custom_header_template":"0","ocean_custom_logo":0,"ocean_custom_retina_logo":0,"ocean_custom_logo_max_width":0,"ocean_custom_logo_tablet_max_width":0,"ocean_custom_logo_mobile_max_width":0,"ocean_custom_logo_max_height":0,"ocean_custom_logo_tablet_max_height":0,"ocean_custom_logo_mobile_max_height":0,"ocean_header_custom_menu":"55","ocean_menu_typo_font_family":"0","ocean_menu_typo_font_subset":"","ocean_menu_typo_font_size":0,"ocean_menu_typo_font_size_tablet":0,"ocean_menu_typo_font_size_mobile":0,"ocean_menu_typo_font_size_unit":"px","ocean_menu_typo_font_weight":"","ocean_menu_typo_font_weight_tablet":"","ocean_menu_typo_font_weight_mobile":"","ocean_menu_typo_transform":"","ocean_menu_typo_transform_tablet":"","ocean_menu_typo_transform_mobile":"","ocean_menu_typo_line_height":0,"ocean_menu_typo_line_height_tablet":0,"ocean_menu_typo_line_height_mobile":0,"ocean_menu_typo_line_height_unit":"","ocean_menu_typo_spacing":0,"ocean_menu_typo_spacing_tablet":0,"ocean_menu_typo_spacing_mobile":0,"ocean_menu_typo_spacing_unit":"","ocean_menu_link_color":"","ocean_menu_link_color_hover":"","ocean_menu_link_color_active":"","ocean_menu_link_background":"","ocean_menu_link_hover_background":"","ocean_menu_link_active_background":"","ocean_menu_social_links_bg":"","ocean_menu_social_hover_links_bg":"","ocean_menu_social_links_color":"","ocean_menu_social_hover_links_color":"","ocean_disable_title":"on","ocean_disable_heading":"default","ocean_post_title":"","ocean_post_subheading":"","ocean_post_title_style":"","ocean_post_title_background_color":"","ocean_post_title_background":0,"ocean_post_title_bg_image_position":"","ocean_post_title_bg_image_attachment":"","ocean_post_title_bg_image_repeat":"","ocean_post_title_bg_image_size":"","ocean_post_title_height":0,"ocean_post_title_bg_overlay":0.5,"ocean_post_title_bg_overlay_color":"","ocean_disable_breadcrumbs":"default","ocean_breadcrumbs_color":"","ocean_breadcrumbs_separator_color":"","ocean_breadcrumbs_links_color":"","ocean_breadcrumbs_links_hover_color":"","ocean_display_footer_widgets":"default","ocean_display_footer_bottom":"default","ocean_custom_footer_template":"0","footnotes":""},"class_list":["post-4956","page","type-page","status-publish","hentry","entry"],"_links":{"self":[{"href":"https:\/\/www.apex-timing.com\/de\/wp-json\/wp\/v2\/pages\/4956","targetHints":{"allow":["GET"]}}],"collection":[{"href":"https:\/\/www.apex-timing.com\/de\/wp-json\/wp\/v2\/pages"}],"about":[{"href":"https:\/\/www.apex-timing.com\/de\/wp-json\/wp\/v2\/types\/page"}],"author":[{"embeddable":true,"href":"https:\/\/www.apex-timing.com\/de\/wp-json\/wp\/v2\/users\/3"}],"replies":[{"embeddable":true,"href":"https:\/\/www.apex-timing.com\/de\/wp-json\/wp\/v2\/comments?post=4956"}],"version-history":[{"count":0,"href":"https:\/\/www.apex-timing.com\/de\/wp-json\/wp\/v2\/pages\/4956\/revisions"}],"wp:attachment":[{"href":"https:\/\/www.apex-timing.com\/de\/wp-json\/wp\/v2\/media?parent=4956"}],"curies":[{"name":"wp","href":"https:\/\/api.w.org\/{rel}","templated":true}]}}