{"id":4491,"date":"2024-10-30T11:07:49","date_gmt":"2024-10-30T10:07:49","guid":{"rendered":"https:\/\/www2.apex-timing.com\/wordpress\/comunicacion\/"},"modified":"2025-01-27T22:48:00","modified_gmt":"2025-01-27T21:48:00","slug":"comunicacion","status":"publish","type":"page","link":"https:\/\/www.apex-timing.com\/es\/comunicacion\/","title":{"rendered":"B2B B2C comunicaci\u00f3n con el cliente"},"content":{"rendered":"\t\t<div data-elementor-type=\"wp-page\" data-elementor-id=\"4491\" class=\"elementor elementor-4491 elementor-818\">\n\t\t\t\t<div class=\"elementor-element elementor-element-2aadba8 e-con-full e-flex e-con e-parent\" data-id=\"2aadba8\" data-element_type=\"container\" data-settings=\"{&quot;background_background&quot;:&quot;classic&quot;}\">\n\t\t<div class=\"elementor-element elementor-element-932f8b1 e-con-full e-flex e-con e-child\" data-id=\"932f8b1\" data-element_type=\"container\">\n\t\t\t\t<div class=\"elementor-element elementor-element-e186b45 elementor-widget__width-initial elementor-widget-mobile__width-initial elementor-widget elementor-widget-heading\" data-id=\"e186b45\" data-element_type=\"widget\" data-widget_type=\"heading.default\">\n\t\t\t\t<div class=\"elementor-widget-container\">\n\t\t\t\t\t<h2 class=\"elementor-heading-title elementor-size-default\">COMUNICACI\u00d3N ESPEC\u00cdFICA Y EFICAZ PARA ESTAR CERCA DE TUS CLIENTES<\/h2>\t\t\t\t<\/div>\n\t\t\t\t<\/div>\n\t\t\t\t<div class=\"elementor-element elementor-element-1541de6 elementor-widget elementor-widget-text-editor\" data-id=\"1541de6\" data-element_type=\"widget\" data-widget_type=\"text-editor.default\">\n\t\t\t\t<div class=\"elementor-widget-container\">\n\t\t\t\t\t\t\t\t\t<p>Accede a nuestras herramientas para comunicarte eficazmente con tus clientes.  <\/p>\n<p>Todas las herramientas est\u00e1n dise\u00f1adas para que puedas utilizarlas de forma independiente.<\/p>\n\t\t\t\t\t\t\t\t<\/div>\n\t\t\t\t<\/div>\n\t\t\t\t<div class=\"elementor-element elementor-element-969201a elementor-mobile-align-justify elementor-widget elementor-widget-button\" data-id=\"969201a\" data-element_type=\"widget\" data-widget_type=\"button.default\">\n\t\t\t\t<div class=\"elementor-widget-container\">\n\t\t\t\t\t\t\t\t\t<div class=\"elementor-button-wrapper\">\n\t\t\t\t\t<a class=\"elementor-button elementor-button-link elementor-size-sm\" href=\"https:\/\/www.apex-timing.com\/es\/contacto-apex-timing-soporte-y-soluciones-de-software\/\">\n\t\t\t\t\t\t<span class=\"elementor-button-content-wrapper\">\n\t\t\t\t\t\t\t\t\t<span class=\"elementor-button-text\">Contacta con nosotros<\/span>\n\t\t\t\t\t<\/span>\n\t\t\t\t\t<\/a>\n\t\t\t\t<\/div>\n\t\t\t\t\t\t\t\t<\/div>\n\t\t\t\t<\/div>\n\t\t\t\t<\/div>\n\t\t<div class=\"elementor-element elementor-element-191ce88 e-con-full e-flex e-con e-child\" data-id=\"191ce88\" data-element_type=\"container\">\n\t\t\t\t<\/div>\n\t\t\t\t<\/div>\n\t\t<div class=\"elementor-element elementor-element-66d9673 e-con-full e-flex e-con e-parent\" data-id=\"66d9673\" data-element_type=\"container\" data-settings=\"{&quot;background_background&quot;:&quot;classic&quot;}\">\n\t\t<div class=\"elementor-element elementor-element-be607e4 e-con-full e-flex e-con e-child\" data-id=\"be607e4\" data-element_type=\"container\">\n\t\t\t\t<div class=\"elementor-element elementor-element-237921f elementor-absolute pa-display-conditions-yes elementor-widget elementor-widget-image\" data-id=\"237921f\" data-element_type=\"widget\" data-settings=\"{&quot;_position&quot;:&quot;absolute&quot;,&quot;pa_display_conditions_switcher&quot;:&quot;yes&quot;}\" data-widget_type=\"image.default\">\n\t\t\t\t<div class=\"elementor-widget-container\">\n\t\t\t\t\t\t\t\t\t\t\t\t\t\t\t<img decoding=\"async\" src=\"https:\/\/www.apex-timing.com\/wordpress\/wp-content\/uploads\/elementor\/thumbs\/los-r0nou6bdm5ramz979n9osoo9nyy9luza5r8ppdebg4.png\" title=\"los\" alt=\"Apex Timing\" loading=\"lazy\" \/>\t\t\t\t\t\t\t\t\t\t\t\t\t\t\t<\/div>\n\t\t\t\t<\/div>\n\t\t\t\t<div class=\"elementor-element elementor-element-566c270 elementor-widget elementor-widget-heading\" data-id=\"566c270\" data-element_type=\"widget\" data-widget_type=\"heading.default\">\n\t\t\t\t<div class=\"elementor-widget-container\">\n\t\t\t\t\t<h2 class=\"elementor-heading-title elementor-size-default\">COMUN\u00cdCATE R\u00c1PIDA Y EFICAZMENTE CON <span>MENSAJES DE TEXTO<\/span>.<\/h2>\t\t\t\t<\/div>\n\t\t\t\t<\/div>\n\t\t\t\t<div class=\"elementor-element elementor-element-badeb93 elementor-widget elementor-widget-text-editor\" data-id=\"badeb93\" data-element_type=\"widget\" data-widget_type=\"text-editor.default\">\n\t\t\t\t<div class=\"elementor-widget-container\">\n\t\t\t\t\t\t\t\t\t<p>Env\u00eda mensajes de texto para confirmar o recordarte una reserva.<\/p>\n<p>La comunicaci\u00f3n por SMS es casi instant\u00e1nea. Te permite mantener un estrecho contacto con tus clientes. <\/p>\n\t\t\t\t\t\t\t\t<\/div>\n\t\t\t\t<\/div>\n\t\t\t\t<\/div>\n\t\t<div class=\"elementor-element elementor-element-adda004 e-con-full e-flex e-con e-child\" data-id=\"adda004\" data-element_type=\"container\" data-settings=\"{&quot;background_background&quot;:&quot;classic&quot;}\">\n\t\t\t\t<\/div>\n\t\t\t\t<\/div>\n\t\t<div class=\"elementor-element elementor-element-a9b9a52 e-con-full e-flex e-con e-parent\" data-id=\"a9b9a52\" data-element_type=\"container\" data-settings=\"{&quot;background_background&quot;:&quot;classic&quot;}\">\n\t\t<aside class=\"elementor-element elementor-element-2896202 e-con-full e-flex e-con e-child\" data-id=\"2896202\" data-element_type=\"container\" data-settings=\"{&quot;background_background&quot;:&quot;classic&quot;,&quot;xpro_backdrop_filter&quot;:&quot;yes&quot;}\">\n\t\t\t\t<\/aside>\n\t\t<div class=\"elementor-element elementor-element-8831061 e-flex e-con-boxed e-con e-child\" data-id=\"8831061\" data-element_type=\"container\">\n\t\t\t\t\t<div class=\"e-con-inner\">\n\t\t\t\t<div class=\"elementor-element elementor-element-3874dd9 elementor-widget elementor-widget-heading\" data-id=\"3874dd9\" data-element_type=\"widget\" data-widget_type=\"heading.default\">\n\t\t\t\t<div class=\"elementor-widget-container\">\n\t\t\t\t\t<h2 class=\"elementor-heading-title elementor-size-default\"><span class=\"titlebluebold\">PROGRAMA TUS CORREOS AUTOM\u00c1TICOS<\/span><\/h2>\t\t\t\t<\/div>\n\t\t\t\t<\/div>\n\t\t\t\t<div class=\"elementor-element elementor-element-0869057 elementor-widget elementor-widget-text-editor\" data-id=\"0869057\" data-element_type=\"widget\" data-widget_type=\"text-editor.default\">\n\t\t\t\t<div class=\"elementor-widget-container\">\n\t\t\t\t\t\t\t\t\t<p>El correo electr\u00f3nico es un medio de comunicaci\u00f3n eficaz, que te permite tratar temas formales o informales. Noticias sobre tu centro (nuevos productos, nuevos horarios de apertura, cierres, etc.), recordatorios de reservas, ofertas personalizadas para una lista definida de clientes. <\/p>\n<p>Configura tus env\u00edos de correo electr\u00f3nico seg\u00fan diferentes desencadenantes (cumplea\u00f1os, resultados, etc.).<\/p>\n\t\t\t\t\t\t\t\t<\/div>\n\t\t\t\t<\/div>\n\t\t\t\t<div class=\"elementor-element elementor-element-9cb6380 elementor-absolute pa-display-conditions-yes elementor-widget elementor-widget-image\" data-id=\"9cb6380\" data-element_type=\"widget\" data-settings=\"{&quot;_position&quot;:&quot;absolute&quot;,&quot;pa_display_conditions_switcher&quot;:&quot;yes&quot;}\" data-widget_type=\"image.default\">\n\t\t\t\t<div class=\"elementor-widget-container\">\n\t\t\t\t\t\t\t\t\t\t\t\t\t\t\t<img decoding=\"async\" src=\"https:\/\/www.apex-timing.com\/wordpress\/wp-content\/uploads\/elementor\/thumbs\/los-r0nou6bdm5ramz979n9osoo9nyy9luza5r8ppdebg4.png\" title=\"los\" alt=\"Apex Timing\" loading=\"lazy\" \/>\t\t\t\t\t\t\t\t\t\t\t\t\t\t\t<\/div>\n\t\t\t\t<\/div>\n\t\t\t\t\t<\/div>\n\t\t\t\t<\/div>\n\t\t\t\t<\/div>\n\t\t<div class=\"elementor-element elementor-element-2f1d8e3 e-con-full e-flex e-con e-parent\" data-id=\"2f1d8e3\" data-element_type=\"container\" data-settings=\"{&quot;background_background&quot;:&quot;classic&quot;}\">\n\t\t<div class=\"elementor-element elementor-element-8a80033 e-con-full e-flex e-con e-child\" data-id=\"8a80033\" data-element_type=\"container\">\n\t\t\t\t<div class=\"elementor-element elementor-element-a90f701 elementor-absolute pa-display-conditions-yes elementor-widget elementor-widget-image\" data-id=\"a90f701\" data-element_type=\"widget\" data-settings=\"{&quot;_position&quot;:&quot;absolute&quot;,&quot;pa_display_conditions_switcher&quot;:&quot;yes&quot;}\" data-widget_type=\"image.default\">\n\t\t\t\t<div class=\"elementor-widget-container\">\n\t\t\t\t\t\t\t\t\t\t\t\t\t\t\t<img decoding=\"async\" src=\"https:\/\/www.apex-timing.com\/wordpress\/wp-content\/uploads\/elementor\/thumbs\/los-r0nou6bdm5ramz979n9osoo9nyy9luza5r8ppdebg4.png\" title=\"los\" alt=\"Apex Timing\" loading=\"lazy\" \/>\t\t\t\t\t\t\t\t\t\t\t\t\t\t\t<\/div>\n\t\t\t\t<\/div>\n\t\t\t\t<div class=\"elementor-element elementor-element-c372f58 elementor-widget elementor-widget-heading\" data-id=\"c372f58\" data-element_type=\"widget\" data-widget_type=\"heading.default\">\n\t\t\t\t<div class=\"elementor-widget-container\">\n\t\t\t\t\t<h2 class=\"elementor-heading-title elementor-size-default\">NOTIFICACIONES <span class=\"titlebluebold\">PUSH<\/span><\/h2>\t\t\t\t<\/div>\n\t\t\t\t<\/div>\n\t\t\t\t<div class=\"elementor-element elementor-element-8ffc067 elementor-widget elementor-widget-text-editor\" data-id=\"8ffc067\" data-element_type=\"widget\" data-widget_type=\"text-editor.default\">\n\t\t\t\t<div class=\"elementor-widget-container\">\n\t\t\t\t\t\t\t\t\t<p>Se trata de un mensaje de advertencia para impulsar el compromiso del usuario.<\/p>\n<p>Los clientes reciben notificaciones en cuanto instalan la aplicaci\u00f3n m\u00f3vil en su smartphone.<\/p>\n\t\t\t\t\t\t\t\t<\/div>\n\t\t\t\t<\/div>\n\t\t\t\t<\/div>\n\t\t<div class=\"elementor-element elementor-element-eb61109 e-con-full e-flex e-con e-child\" data-id=\"eb61109\" data-element_type=\"container\" data-settings=\"{&quot;background_background&quot;:&quot;classic&quot;}\">\n\t\t\t\t<\/div>\n\t\t\t\t<\/div>\n\t\t<div class=\"elementor-element elementor-element-f3da195 e-con-full e-flex e-con e-parent\" data-id=\"f3da195\" data-element_type=\"container\">\n\t\t<div class=\"elementor-element elementor-element-3a59705 e-con-full e-flex e-con e-child\" data-id=\"3a59705\" data-element_type=\"container\">\n\t\t\t\t<div class=\"elementor-element elementor-element-b8e66ec elementor-widget elementor-widget-image\" data-id=\"b8e66ec\" data-element_type=\"widget\" data-widget_type=\"image.default\">\n\t\t\t\t<div class=\"elementor-widget-container\">\n\t\t\t\t\t\t\t\t\t\t\t\t\t\t\t<img fetchpriority=\"high\" decoding=\"async\" width=\"828\" height=\"1024\" src=\"https:\/\/www.apex-timing.com\/wordpress\/wp-content\/uploads\/2024\/10\/a-828x1024.png\" class=\"attachment-large size-large wp-image-827\" alt=\"newsletter_communication\" srcset=\"https:\/\/www.apex-timing.com\/wordpress\/wp-content\/uploads\/2024\/10\/a-828x1024.png 828w, https:\/\/www.apex-timing.com\/wordpress\/wp-content\/uploads\/2024\/10\/a-243x300.png 243w, https:\/\/www.apex-timing.com\/wordpress\/wp-content\/uploads\/2024\/10\/a-768x950.png 768w, https:\/\/www.apex-timing.com\/wordpress\/wp-content\/uploads\/2024\/10\/a.png 858w\" sizes=\"(max-width: 828px) 100vw, 828px\" \/>\t\t\t\t\t\t\t\t\t\t\t\t\t\t\t<\/div>\n\t\t\t\t<\/div>\n\t\t\t\t<\/div>\n\t\t<div class=\"elementor-element elementor-element-9f16fe8 e-con-full e-flex e-con e-child\" data-id=\"9f16fe8\" data-element_type=\"container\">\n\t\t\t\t<div class=\"elementor-element elementor-element-8174af4 elementor-widget elementor-widget-heading\" data-id=\"8174af4\" data-element_type=\"widget\" data-widget_type=\"heading.default\">\n\t\t\t\t<div class=\"elementor-widget-container\">\n\t\t\t\t\t<h2 class=\"elementor-heading-title elementor-size-default\">HERRAMIENTA BOLET\u00cdN<\/h2>\t\t\t\t<\/div>\n\t\t\t\t<\/div>\n\t\t\t\t<div class=\"elementor-element elementor-element-3dbc9ec elementor-widget elementor-widget-text-editor\" data-id=\"3dbc9ec\" data-element_type=\"widget\" data-widget_type=\"text-editor.default\">\n\t\t\t\t<div class=\"elementor-widget-container\">\n\t\t\t\t\t\t\t\t\t<p>En tu \u00e1rea de cliente puedes acceder a nuestra sencilla herramienta de creaci\u00f3n de boletines.<\/p>\n<p>Realiza campa\u00f1as de e-mailing de gran impacto con env\u00edos espec\u00edficos gracias a los filtros de bases de datos.<\/p>\n<p>Analiza tus campa\u00f1as con estad\u00edsticas: tasas de apertura, campa\u00f1as con mejores resultados, n\u00famero de bajas.<\/p>\n<p>Ahorra tiempo guardando plantillas y automatizando el pie de p\u00e1gina: direcci\u00f3n, redes sociales, enlace para darse de baja.<\/p>\n\t\t\t\t\t\t\t\t<\/div>\n\t\t\t\t<\/div>\n\t\t\t\t<\/div>\n\t\t\t\t<\/div>\n\t\t<div class=\"elementor-element elementor-element-e5c8ac2 e-con-full e-flex e-con e-parent\" data-id=\"e5c8ac2\" data-element_type=\"container\">\n\t\t\t\t<div class=\"elementor-element elementor-element-008cf7f elementor-mobile-align-justify elementor-widget elementor-widget-button\" data-id=\"008cf7f\" data-element_type=\"widget\" data-widget_type=\"button.default\">\n\t\t\t\t<div class=\"elementor-widget-container\">\n\t\t\t\t\t\t\t\t\t<div class=\"elementor-button-wrapper\">\n\t\t\t\t\t<a class=\"elementor-button elementor-button-link elementor-size-sm\" href=\"https:\/\/www.apex-timing.com\/es\/software-de-gestion-de-centros-de-ocio\/#communication\">\n\t\t\t\t\t\t<span class=\"elementor-button-content-wrapper\">\n\t\t\t\t\t\t\t\t\t<span class=\"elementor-button-text\">Volver a todas las funciones<\/span>\n\t\t\t\t\t<\/span>\n\t\t\t\t\t<\/a>\n\t\t\t\t<\/div>\n\t\t\t\t\t\t\t\t<\/div>\n\t\t\t\t<\/div>\n\t\t\t\t<\/div>\n\t\t<div class=\"elementor-element elementor-element-1cdc6599 e-con-full e-flex e-con e-parent\" data-id=\"1cdc6599\" data-element_type=\"container\">\n\t\t\t\t<div class=\"elementor-element elementor-element-34708d3f elementor-widget elementor-widget-heading\" data-id=\"34708d3f\" data-element_type=\"widget\" data-widget_type=\"heading.default\">\n\t\t\t\t<div class=\"elementor-widget-container\">\n\t\t\t\t\t<h2 class=\"elementor-heading-title elementor-size-default\">\u00bfPOR QU\u00c9 ELEGIR<span class=\"titlebluebold\"> APEX TIMING?<\/span><\/h2>\t\t\t\t<\/div>\n\t\t\t\t<\/div>\n\t\t\t\t<\/div>\n\t\t<div class=\"elementor-element elementor-element-3536d40f e-con-full e-flex e-con e-parent\" data-id=\"3536d40f\" data-element_type=\"container\" data-settings=\"{&quot;background_background&quot;:&quot;classic&quot;}\">\n\t\t<div class=\"elementor-element elementor-element-680666b6 e-con-full e-flex e-con e-child\" data-id=\"680666b6\" data-element_type=\"container\" data-settings=\"{&quot;position&quot;:&quot;absolute&quot;}\">\n\t\t\t\t<div class=\"elementor-element elementor-element-5835c1fa elementor-widget__width-inherit elementor-position-top elementor-widget elementor-widget-image-box\" data-id=\"5835c1fa\" data-element_type=\"widget\" data-widget_type=\"image-box.default\">\n\t\t\t\t<div class=\"elementor-widget-container\">\n\t\t\t\t\t<div class=\"elementor-image-box-wrapper\"><figure class=\"elementor-image-box-img\"><img decoding=\"async\" src=\"https:\/\/www.apex-timing.com\/wordpress\/wp-content\/uploads\/elementor\/thumbs\/assistance@2x-r0nou6be3p9va6ip17m5n47m2wmx2k9kih2s5xl7gk.png\" title=\"assistance@2x\" alt=\"assistance_support\" loading=\"lazy\" \/><\/figure><div class=\"elementor-image-box-content\"><h3 class=\"elementor-image-box-title\">Asistencia 7\/7<\/h3><p class=\"elementor-image-box-description\">Nuestro servicio es receptivo y profesional durante toda la semana, fines de semana y festivos.<\/p><\/div><\/div>\t\t\t\t<\/div>\n\t\t\t\t<\/div>\n\t\t\t\t<div class=\"elementor-element elementor-element-45575c9 elementor-widget__width-inherit elementor-position-top elementor-widget elementor-widget-image-box\" data-id=\"45575c9\" data-element_type=\"widget\" data-widget_type=\"image-box.default\">\n\t\t\t\t<div class=\"elementor-widget-container\">\n\t\t\t\t\t<div class=\"elementor-image-box-wrapper\"><figure class=\"elementor-image-box-img\"><img decoding=\"async\" src=\"https:\/\/www.apex-timing.com\/wordpress\/wp-content\/uploads\/elementor\/thumbs\/formation@2x-r0nou6be3p9va6ip17m5n47m2wmx2k9kih2s5xl7gk.png\" title=\"formation@2x\" alt=\"formation@2x\" loading=\"lazy\" \/><\/figure><div class=\"elementor-image-box-content\"><h3 class=\"elementor-image-box-title\">Formaci\u00f3n<\/h3><p class=\"elementor-image-box-description\">Asistencia para un uso \u00f3ptimo del software. Tambi\u00e9n te beneficiar\u00e1s de la ayuda en l\u00ednea y de los procedimientos para utilizar nuestra soluci\u00f3n con facilidad. <\/p><\/div><\/div>\t\t\t\t<\/div>\n\t\t\t\t<\/div>\n\t\t\t\t<div class=\"elementor-element elementor-element-24f107bd elementor-widget__width-inherit elementor-position-top elementor-widget elementor-widget-image-box\" data-id=\"24f107bd\" data-element_type=\"widget\" data-widget_type=\"image-box.default\">\n\t\t\t\t<div class=\"elementor-widget-container\">\n\t\t\t\t\t<div class=\"elementor-image-box-wrapper\"><figure class=\"elementor-image-box-img\"><img decoding=\"async\" src=\"https:\/\/www.apex-timing.com\/wordpress\/wp-content\/uploads\/elementor\/thumbs\/miseajour@2x-r0nou6be3p9va6ip17m5n47m2wmx2k9kih2s5xl7gk.png\" title=\"miseajour@2x\" alt=\"miseajour@2x\" loading=\"lazy\" \/><\/figure><div class=\"elementor-image-box-content\"><h3 class=\"elementor-image-box-title\">Actualizaciones<\/h3><p class=\"elementor-image-box-description\">Las actualizaciones son autom\u00e1ticas, lo que te da acceso continuo a nuevas funciones.<\/p><\/div><\/div>\t\t\t\t<\/div>\n\t\t\t\t<\/div>\n\t\t\t\t<div class=\"elementor-element elementor-element-23607c1e elementor-widget__width-inherit elementor-position-top elementor-widget elementor-widget-image-box\" data-id=\"23607c1e\" data-element_type=\"widget\" data-widget_type=\"image-box.default\">\n\t\t\t\t<div class=\"elementor-widget-container\">\n\t\t\t\t\t<div class=\"elementor-image-box-wrapper\"><figure class=\"elementor-image-box-img\"><img decoding=\"async\" src=\"https:\/\/www.apex-timing.com\/wordpress\/wp-content\/uploads\/elementor\/thumbs\/premium@2x-r0nou6be3p9va6ip17m5n47m2wmx2k9kih2s5xl7gk.png\" title=\"premium@2x\" alt=\"premium@2x\" loading=\"lazy\" \/><\/figure><div class=\"elementor-image-box-content\"><h3 class=\"elementor-image-box-title\">Soluci\u00f3n h\u00edbrida<\/h3><p class=\"elementor-image-box-description\">Nuestro programa funciona sin conexi\u00f3n a Internet.<\/p><\/div><\/div>\t\t\t\t<\/div>\n\t\t\t\t<\/div>\n\t\t\t\t<div class=\"elementor-element elementor-element-37669eb3 elementor-widget__width-inherit elementor-position-top elementor-widget elementor-widget-image-box\" data-id=\"37669eb3\" data-element_type=\"widget\" data-widget_type=\"image-box.default\">\n\t\t\t\t<div class=\"elementor-widget-container\">\n\t\t\t\t\t<div class=\"elementor-image-box-wrapper\"><figure class=\"elementor-image-box-img\"><img decoding=\"async\" src=\"https:\/\/www.apex-timing.com\/wordpress\/wp-content\/uploads\/elementor\/thumbs\/pasfrais@2x-r0nou6be3p9va6ip17m5n47m2wmx2k9kih2s5xl7gk.png\" title=\"pasfrais@2x\" alt=\"pasfrais@2x\" loading=\"lazy\" \/><\/figure><div class=\"elementor-image-box-content\"><h3 class=\"elementor-image-box-title\">Sin gastos ocultos<\/h3><p class=\"elementor-image-box-description\">\u00a1Sin costes ocultos con Apex Timing! Sin coste por afiliado y sin comisiones por ventas. <\/p><\/div><\/div>\t\t\t\t<\/div>\n\t\t\t\t<\/div>\n\t\t\t\t<\/div>\n\t\t\t\t<\/div>\n\t\t<div class=\"elementor-element elementor-element-32ffe08f e-con-full e-flex e-con e-parent\" data-id=\"32ffe08f\" data-element_type=\"container\" data-settings=\"{&quot;background_background&quot;:&quot;classic&quot;}\">\n\t\t\t\t<div class=\"elementor-element elementor-element-7d851932 elementor-mobile-align-justify elementor-widget elementor-widget-button\" data-id=\"7d851932\" data-element_type=\"widget\" data-widget_type=\"button.default\">\n\t\t\t\t<div class=\"elementor-widget-container\">\n\t\t\t\t\t\t\t\t\t<div class=\"elementor-button-wrapper\">\n\t\t\t\t\t<a class=\"elementor-button elementor-button-link elementor-size-sm\" href=\"https:\/\/www.apex-timing.com\/es\/contacto-apex-timing-soporte-y-soluciones-de-software\/\">\n\t\t\t\t\t\t<span class=\"elementor-button-content-wrapper\">\n\t\t\t\t\t\t\t\t\t<span class=\"elementor-button-text\">Contacta con nosotros<\/span>\n\t\t\t\t\t<\/span>\n\t\t\t\t\t<\/a>\n\t\t\t\t<\/div>\n\t\t\t\t\t\t\t\t<\/div>\n\t\t\t\t<\/div>\n\t\t\t\t<\/div>\n\t\t\t\t<\/div>\n\t\t","protected":false},"excerpt":{"rendered":"<p>COMUNICACI\u00d3N ESPEC\u00cdFICA Y EFICAZ PARA ESTAR CERCA DE TUS CLIENTES Accede a nuestras herramientas para comunicarte eficazmente con tus clientes. Todas las herramientas est\u00e1n dise\u00f1adas para que puedas utilizarlas de forma independiente. Contacta con nosotros COMUN\u00cdCATE R\u00c1PIDA Y EFICAZMENTE CON MENSAJES DE TEXTO. Env\u00eda mensajes de texto para confirmar o recordarte una reserva. La comunicaci\u00f3n [&hellip;]<\/p>\n","protected":false},"author":3,"featured_media":3717,"parent":0,"menu_order":0,"comment_status":"closed","ping_status":"closed","template":"elementor_header_footer","meta":{"ocean_post_layout":"","ocean_both_sidebars_style":"","ocean_both_sidebars_content_width":0,"ocean_both_sidebars_sidebars_width":0,"ocean_sidebar":"0","ocean_second_sidebar":"0","ocean_disable_margins":"enable","ocean_add_body_class":"","ocean_shortcode_before_top_bar":"","ocean_shortcode_after_top_bar":"","ocean_shortcode_before_header":"","ocean_shortcode_after_header":"","ocean_has_shortcode":"","ocean_shortcode_after_title":"","ocean_shortcode_before_footer_widgets":"","ocean_shortcode_after_footer_widgets":"","ocean_shortcode_before_footer_bottom":"","ocean_shortcode_after_footer_bottom":"","ocean_display_top_bar":"default","ocean_display_header":"default","ocean_header_style":"","ocean_center_header_left_menu":"0","ocean_custom_header_template":"0","ocean_custom_logo":0,"ocean_custom_retina_logo":0,"ocean_custom_logo_max_width":0,"ocean_custom_logo_tablet_max_width":0,"ocean_custom_logo_mobile_max_width":0,"ocean_custom_logo_max_height":0,"ocean_custom_logo_tablet_max_height":0,"ocean_custom_logo_mobile_max_height":0,"ocean_header_custom_menu":"0","ocean_menu_typo_font_family":"0","ocean_menu_typo_font_subset":"","ocean_menu_typo_font_size":0,"ocean_menu_typo_font_size_tablet":0,"ocean_menu_typo_font_size_mobile":0,"ocean_menu_typo_font_size_unit":"px","ocean_menu_typo_font_weight":"","ocean_menu_typo_font_weight_tablet":"","ocean_menu_typo_font_weight_mobile":"","ocean_menu_typo_transform":"","ocean_menu_typo_transform_tablet":"","ocean_menu_typo_transform_mobile":"","ocean_menu_typo_line_height":0,"ocean_menu_typo_line_height_tablet":0,"ocean_menu_typo_line_height_mobile":0,"ocean_menu_typo_line_height_unit":"","ocean_menu_typo_spacing":0,"ocean_menu_typo_spacing_tablet":0,"ocean_menu_typo_spacing_mobile":0,"ocean_menu_typo_spacing_unit":"","ocean_menu_link_color":"","ocean_menu_link_color_hover":"","ocean_menu_link_color_active":"","ocean_menu_link_background":"","ocean_menu_link_hover_background":"","ocean_menu_link_active_background":"","ocean_menu_social_links_bg":"","ocean_menu_social_hover_links_bg":"","ocean_menu_social_links_color":"","ocean_menu_social_hover_links_color":"","ocean_disable_title":"on","ocean_disable_heading":"default","ocean_post_title":"","ocean_post_subheading":"","ocean_post_title_style":"","ocean_post_title_background_color":"","ocean_post_title_background":0,"ocean_post_title_bg_image_position":"","ocean_post_title_bg_image_attachment":"","ocean_post_title_bg_image_repeat":"","ocean_post_title_bg_image_size":"","ocean_post_title_height":0,"ocean_post_title_bg_overlay":0.5,"ocean_post_title_bg_overlay_color":"","ocean_disable_breadcrumbs":"default","ocean_breadcrumbs_color":"","ocean_breadcrumbs_separator_color":"","ocean_breadcrumbs_links_color":"","ocean_breadcrumbs_links_hover_color":"","ocean_display_footer_widgets":"default","ocean_display_footer_bottom":"default","ocean_custom_footer_template":"0","footnotes":""},"class_list":["post-4491","page","type-page","status-publish","has-post-thumbnail","hentry","entry","has-media"],"_links":{"self":[{"href":"https:\/\/www.apex-timing.com\/es\/wp-json\/wp\/v2\/pages\/4491","targetHints":{"allow":["GET"]}}],"collection":[{"href":"https:\/\/www.apex-timing.com\/es\/wp-json\/wp\/v2\/pages"}],"about":[{"href":"https:\/\/www.apex-timing.com\/es\/wp-json\/wp\/v2\/types\/page"}],"author":[{"embeddable":true,"href":"https:\/\/www.apex-timing.com\/es\/wp-json\/wp\/v2\/users\/3"}],"replies":[{"embeddable":true,"href":"https:\/\/www.apex-timing.com\/es\/wp-json\/wp\/v2\/comments?post=4491"}],"version-history":[{"count":0,"href":"https:\/\/www.apex-timing.com\/es\/wp-json\/wp\/v2\/pages\/4491\/revisions"}],"wp:featuredmedia":[{"embeddable":true,"href":"https:\/\/www.apex-timing.com\/es\/wp-json\/wp\/v2\/media\/3717"}],"wp:attachment":[{"href":"https:\/\/www.apex-timing.com\/es\/wp-json\/wp\/v2\/media?parent=4491"}],"curies":[{"name":"wp","href":"https:\/\/api.w.org\/{rel}","templated":true}]}}