{"id":4958,"date":"2025-01-20T13:07:27","date_gmt":"2025-01-20T12:07:27","guid":{"rendered":"https:\/\/www2.apex-timing.com\/wordpress\/?page_id=4958"},"modified":"2025-01-20T13:32:33","modified_gmt":"2025-01-20T12:32:33","slug":"politica-de-privacidad","status":"publish","type":"page","link":"https:\/\/www.apex-timing.com\/es\/politica-de-privacidad\/","title":{"rendered":"Pol\u00edtica de Privacidad"},"content":{"rendered":"\t\t<div data-elementor-type=\"wp-page\" data-elementor-id=\"4958\" class=\"elementor elementor-4958\">\n\t\t\t\t<div class=\"elementor-element elementor-element-39724e3 e-con-full e-flex e-con e-parent\" data-id=\"39724e3\" data-element_type=\"container\">\n\t\t\t\t<div class=\"elementor-element elementor-element-37e8e48 elementor-widget elementor-widget-heading\" data-id=\"37e8e48\" data-element_type=\"widget\" data-widget_type=\"heading.default\">\n\t\t\t\t<div class=\"elementor-widget-container\">\n\t\t\t\t\t<h1 class=\"elementor-heading-title elementor-size-default\">Pol\u00edtica de Privacidad<\/h1>\t\t\t\t<\/div>\n\t\t\t\t<\/div>\n\t\t\t\t<div class=\"elementor-element elementor-element-b6ad043 elementor-widget elementor-widget-text-editor\" data-id=\"b6ad043\" data-element_type=\"widget\" data-widget_type=\"text-editor.default\">\n\t\t\t\t<div class=\"elementor-widget-container\">\n\t\t\t\t\t\t\t\t\t<p>\u00a0<\/p><p><strong>1. Compromisos de Apex Timing<\/strong><\/p><p>Apex Timing se compromete a cumplir con las regulaciones aplicables para todos los tratamientos de datos personales que realiza. Por lo tanto, Apex Timing se compromete a respetar los siguientes principios:<\/p><ul><li><p>Apex Timing procesa sus datos personales de manera legal, justa y transparente;<\/p><\/li><li><p>Apex Timing recopila sus datos personales para fines espec\u00edficos, expl\u00edcitos y leg\u00edtimos y no los procesar\u00e1 de manera incompatible con estos fines;<\/p><\/li><li><p>Apex Timing garantiza que los datos personales procesados son adecuados, relevantes y limitados a lo necesario para los fines para los que se procesan;<\/p><\/li><li><p>Apex Timing procesar\u00e1 sus datos personales de manera que se garantice un nivel adecuado de seguridad para dichos datos.<\/p><\/li><\/ul><p>Cada operaci\u00f3n de procesamiento se llevar\u00e1 a cabo teniendo en cuenta los principios de protecci\u00f3n de datos, con el fin de satisfacer el principio de protecci\u00f3n de datos desde el dise\u00f1o;<\/p><p>Apex Timing se compromete a asegurar y proteger sus datos personales. Para ello, Apex Timing solo trabaja con socios de confianza;<\/p><p>Apex Timing respetar\u00e1 sus derechos como sujeto de datos y har\u00e1 todo lo posible para cumplir con sus solicitudes, siempre que est\u00e9n bien fundamentadas.<\/p><p><strong>2. Compromisos de Apex Timing como responsable del tratamiento<\/strong><\/p><p>Apex Timing, cuando act\u00faa en su calidad de responsable del tratamiento, es responsable de los datos personales que usted le proporciona, directa o indirectamente.<\/p><p>La informaci\u00f3n personal recopilada a trav\u00e9s de nuestros formularios (contacto, descarga de documentos, etc.) o los de nuestros socios comerciales est\u00e1n destinados \u00fanicamente a Apex Timing; estar\u00e1n sujetos a comunicaciones externas solo para las necesidades de gesti\u00f3n o para cumplir con obligaciones legales y reglamentarias.<\/p><p>Los datos personales recopilados por Apex Timing se procesan de acuerdo con protocolos seguros. Por lo tanto, Apex Timing toma todas las medidas apropiadas para proteger la confidencialidad de sus datos personales. Sin embargo, Apex Timing no puede garantizar la confidencialidad de los mensajes que pueda enviar a trav\u00e9s de una red de telecomunicaciones abierta.<\/p><p>Los datos personales que Apex Timing puede recopilar son, por ejemplo:<\/p><ul><li><p>Datos de identificaci\u00f3n, como su nombre y apellido, su direcci\u00f3n, su n\u00famero de tel\u00e9fono, su direcci\u00f3n de correo electr\u00f3nico;<\/p><\/li><li><p>Datos de solicitud, como su curr\u00edculum, sus diplomas, su experiencia profesional, si desea postularse para un puesto dentro de Apex Timing;<\/p><\/li><li><p>Datos profesionales, como sus diplomas y habilidades, n\u00famero de contacto, correo electr\u00f3nico profesional y funciones, si es un proveedor, prestador de servicios o socio de Apex Timing.<\/p><\/li><\/ul><p>El procesamiento de datos personales por parte de Apex Timing tiene un prop\u00f3sito expl\u00edcito, leg\u00edtimo y espec\u00edfico. Por ejemplo, sus datos personales pueden ser procesados para los siguientes fines:<\/p><ul><li><p>Si es cliente o prospecto, Apex Timing puede procesar sus datos personales para los siguientes fines:<\/p><ul><li><p>Prospecci\u00f3n y animaci\u00f3n;<\/p><\/li><li><p>Gesti\u00f3n de nuestra relaci\u00f3n con usted;<\/p><\/li><li><p>Env\u00edo del bolet\u00edn informativo, noticias e informaci\u00f3n sobre el software;<\/p><\/li><li><p>Producci\u00f3n, gesti\u00f3n y seguimiento de sus archivos;<\/p><\/li><li><p>Cobranza;<\/p><\/li><li><p>Facturaci\u00f3n;<\/p><\/li><li><p>Contabilidad.<\/p><\/li><\/ul><\/li><li><p>Si presenta una solicitud para un puesto en Apex Timing, Apex Timing puede procesar sus datos para gestionar su solicitud.<\/p><\/li><li><p>Si se suscribe a uno de los boletines informativos de Apex Timing, Apex Timing tambi\u00e9n puede procesar sus datos personales para enviarle el bolet\u00edn por correo electr\u00f3nico.<\/p><\/li><li><p>Si es un proveedor, prestador de servicios o socio de Apex Timing, Apex Timing tambi\u00e9n puede procesar sus datos con el fin de gestionar su relaci\u00f3n con usted.<\/p><\/li><\/ul><p>La base legal para la recopilaci\u00f3n y uso de sus datos personales depende de los datos personales recopilados y del contexto en el que los recopilamos. La base legal para el procesamiento de sus datos personales se basa en prop\u00f3sitos como:<\/p><ul><li><p>La ejecuci\u00f3n de un contrato entre usted y Apex Timing;<\/p><\/li><li><p>La solicitud de su consentimiento;<\/p><\/li><li><p>Necesidad del procesamiento para fines de cumplimiento legal y reglamentario;<\/p><\/li><li><p>El inter\u00e9s comercial de Apex Timing. Este inter\u00e9s leg\u00edtimo nos permite, entre otras cosas, informarle, como profesional, sobre nuestras soluciones en las que ha expresado inter\u00e9s en nuestro sitio o realizar acciones de marketing directo. Estos tratamientos se llevan a cabo teniendo en cuenta sus intereses y sus derechos fundamentales.<\/p><\/li><\/ul><p>El sitio web de Apex Timing puede contener enlaces a redes sociales (Facebook, Instagram, LinkedIn, YouTube). Como tal, Apex Timing puede recopilar y utilizar los datos personales de los miembros de la red social en cuesti\u00f3n que se hayan registrado como miembros, amigos, seguidores, con el fin de contactarlos en la red social utilizada y\/o enviarles informaci\u00f3n. Los miembros de la red social en cuesti\u00f3n pueden oponerse a dicho uso en cualquier momento contactando al punto de contacto a continuaci\u00f3n.<\/p><p>Apex Timing le informa que tiene derecho de acceso, rectificaci\u00f3n, portabilidad, eliminaci\u00f3n o limitaci\u00f3n del procesamiento de su informaci\u00f3n personal. Tambi\u00e9n tiene derecho a oponerse, por motivos leg\u00edtimos, al procesamiento de datos que le conciernen. Tambi\u00e9n tiene derecho a definir directrices sobre el destino de sus Datos Personales despu\u00e9s de su muerte (Ley para una Rep\u00fablica Digital). Cualquier solicitud ser\u00e1 analizada por Apex Timing y debe hacerse por escrito, estar firmada por el solicitante, incluir la direcci\u00f3n a la que se debe enviar la respuesta y estar acompa\u00f1ada de una prueba de identidad.<\/p><p>Tiene derecho a presentar una queja ante una autoridad de control.<\/p><p>Para cualquier informaci\u00f3n o ejercicio de sus derechos en relaci\u00f3n con el procesamiento de datos personales gestionados por Apex Timing, puede contactarnos en <a rel=\"noopener\">contact@apex-timing.com<\/a> o enviar una carta a la siguiente direcci\u00f3n: Apex Timing, 11 route de la Salle, Cran Gevrier, 74960 Annecy \u2013 Francia.<\/p><p><strong>3. Compromisos de Apex Timing como encargado del tratamiento<\/strong><\/p><p>Apex Timing, como proveedor de software, ofrece a sus clientes &#8211; responsables del tratamiento &#8211; varios servicios a trav\u00e9s de los cuales recopilan, analizan, comparten o procesan sus datos personales a trav\u00e9s de nuestras soluciones y servicios.<\/p><p>El procesamiento de datos personales de los clientes por parte de Apex Timing como encargado del tratamiento se detalla en las Condiciones Generales de Uso y Mantenimiento del Software.<\/p><p><strong>4. Especificidades relacionadas con el uso de la aplicaci\u00f3n m\u00f3vil<\/strong><\/p><p>Los datos personales que pueden ser recopilados al usar la aplicaci\u00f3n m\u00f3vil son datos de identificaci\u00f3n como su nombre y apellido, su edad, su direcci\u00f3n, su n\u00famero de tel\u00e9fono, su direcci\u00f3n de correo electr\u00f3nico.<\/p><p>Los datos personales recopilados de los usuarios est\u00e1n destinados a proporcionar los servicios de la aplicaci\u00f3n, mejorarlos y mantener un entorno seguro. M\u00e1s espec\u00edficamente, los usos son los siguientes:<\/p><ul><li><p>Acceso y uso de la aplicaci\u00f3n por parte del usuario con fines de demostraci\u00f3n;<\/p><\/li><li><p>Gesti\u00f3n del funcionamiento y optimizaci\u00f3n de la aplicaci\u00f3n.<\/p><\/li><\/ul><p><strong>5. Duraci\u00f3n de la conservaci\u00f3n de los datos<\/strong><\/p><p>Apex Timing conserva sus Datos Personales de acuerdo con las siguientes disposiciones legales y reglamentarias:<\/p><ul><li><p>Apex Timing conserva la informaci\u00f3n relacionada con la gesti\u00f3n de la cuenta del Cliente, pedidos, facturaci\u00f3n, pagos durante 10 a\u00f1os despu\u00e9s del final del contrato o el \u00faltimo contacto del Cliente inactivo.<\/p><\/li><li><p>Apex Timing conserva la informaci\u00f3n relacionada con la constituci\u00f3n y gesti\u00f3n de archivos<br \/><strong style=\"font-size: 18px; color: var( --e-global-color-secondary ); text-align: var(--text-align);\"><br \/>5. Duraci\u00f3n de la conservaci\u00f3n de los datos (continuaci\u00f3n)<\/strong><\/p><ul><li><p>Apex Timing conserva la informaci\u00f3n relacionada con la constituci\u00f3n y gesti\u00f3n de archivos de prospecci\u00f3n durante 3 a\u00f1os despu\u00e9s del \u00faltimo contacto del prospecto.<\/p><\/li><li><p>Apex Timing conserva los datos de clientes inactivos con el prop\u00f3sito de enviar informaci\u00f3n sobre nuestras ofertas comerciales y de marketing durante un per\u00edodo de 3 a\u00f1os despu\u00e9s del fin de la relaci\u00f3n comercial.<\/p><\/li><\/ul><p>Cuando la conservaci\u00f3n de los datos ya no est\u00e9 justificada por la gesti\u00f3n de una cuenta de cliente, una obligaci\u00f3n legal, necesidades comerciales, el establecimiento, ejercicio o defensa de derechos legales de Apex Timing, o cuando usted lo solicite en aplicaci\u00f3n de uno de sus derechos, eliminamos sus datos de manera segura.<\/p><hr \/><p><strong>6. Cookies<\/strong><\/p><p>Apex Timing no utiliza directamente cookies en su sitio web y aplicaci\u00f3n m\u00f3vil, ni implementa ning\u00fan proceso de identificaci\u00f3n o rastreo para los visitantes.<\/p><\/li><\/ul>\t\t\t\t\t\t\t\t<\/div>\n\t\t\t\t<\/div>\n\t\t\t\t<\/div>\n\t\t\t\t<\/div>\n\t\t","protected":false},"excerpt":{"rendered":"<p>Pol\u00edtica de Privacidad 1. Compromisos de Apex Timing Apex Timing se compromete a cumplir con las regulaciones aplicables para todos los tratamientos de datos personales que realiza. Por lo tanto, Apex Timing se compromete a respetar los siguientes principios: Apex Timing procesa sus datos personales de manera legal, justa y transparente; Apex Timing recopila sus [&hellip;]<\/p>\n","protected":false},"author":3,"featured_media":0,"parent":0,"menu_order":0,"comment_status":"closed","ping_status":"closed","template":"elementor_header_footer","meta":{"ocean_post_layout":"","ocean_both_sidebars_style":"","ocean_both_sidebars_content_width":0,"ocean_both_sidebars_sidebars_width":0,"ocean_sidebar":"0","ocean_second_sidebar":"0","ocean_disable_margins":"enable","ocean_add_body_class":"","ocean_shortcode_before_top_bar":"","ocean_shortcode_after_top_bar":"","ocean_shortcode_before_header":"","ocean_shortcode_after_header":"","ocean_has_shortcode":"","ocean_shortcode_after_title":"","ocean_shortcode_before_footer_widgets":"","ocean_shortcode_after_footer_widgets":"","ocean_shortcode_before_footer_bottom":"","ocean_shortcode_after_footer_bottom":"","ocean_display_top_bar":"default","ocean_display_header":"default","ocean_header_style":"","ocean_center_header_left_menu":"0","ocean_custom_header_template":"0","ocean_custom_logo":0,"ocean_custom_retina_logo":0,"ocean_custom_logo_max_width":0,"ocean_custom_logo_tablet_max_width":0,"ocean_custom_logo_mobile_max_width":0,"ocean_custom_logo_max_height":0,"ocean_custom_logo_tablet_max_height":0,"ocean_custom_logo_mobile_max_height":0,"ocean_header_custom_menu":"57","ocean_menu_typo_font_family":"0","ocean_menu_typo_font_subset":"","ocean_menu_typo_font_size":0,"ocean_menu_typo_font_size_tablet":0,"ocean_menu_typo_font_size_mobile":0,"ocean_menu_typo_font_size_unit":"px","ocean_menu_typo_font_weight":"","ocean_menu_typo_font_weight_tablet":"","ocean_menu_typo_font_weight_mobile":"","ocean_menu_typo_transform":"","ocean_menu_typo_transform_tablet":"","ocean_menu_typo_transform_mobile":"","ocean_menu_typo_line_height":0,"ocean_menu_typo_line_height_tablet":0,"ocean_menu_typo_line_height_mobile":0,"ocean_menu_typo_line_height_unit":"","ocean_menu_typo_spacing":0,"ocean_menu_typo_spacing_tablet":0,"ocean_menu_typo_spacing_mobile":0,"ocean_menu_typo_spacing_unit":"","ocean_menu_link_color":"","ocean_menu_link_color_hover":"","ocean_menu_link_color_active":"","ocean_menu_link_background":"","ocean_menu_link_hover_background":"","ocean_menu_link_active_background":"","ocean_menu_social_links_bg":"","ocean_menu_social_hover_links_bg":"","ocean_menu_social_links_color":"","ocean_menu_social_hover_links_color":"","ocean_disable_title":"on","ocean_disable_heading":"default","ocean_post_title":"","ocean_post_subheading":"","ocean_post_title_style":"","ocean_post_title_background_color":"","ocean_post_title_background":0,"ocean_post_title_bg_image_position":"","ocean_post_title_bg_image_attachment":"","ocean_post_title_bg_image_repeat":"","ocean_post_title_bg_image_size":"","ocean_post_title_height":0,"ocean_post_title_bg_overlay":0.5,"ocean_post_title_bg_overlay_color":"","ocean_disable_breadcrumbs":"default","ocean_breadcrumbs_color":"","ocean_breadcrumbs_separator_color":"","ocean_breadcrumbs_links_color":"","ocean_breadcrumbs_links_hover_color":"","ocean_display_footer_widgets":"default","ocean_display_footer_bottom":"default","ocean_custom_footer_template":"0","footnotes":""},"class_list":["post-4958","page","type-page","status-publish","hentry","entry"],"_links":{"self":[{"href":"https:\/\/www.apex-timing.com\/es\/wp-json\/wp\/v2\/pages\/4958","targetHints":{"allow":["GET"]}}],"collection":[{"href":"https:\/\/www.apex-timing.com\/es\/wp-json\/wp\/v2\/pages"}],"about":[{"href":"https:\/\/www.apex-timing.com\/es\/wp-json\/wp\/v2\/types\/page"}],"author":[{"embeddable":true,"href":"https:\/\/www.apex-timing.com\/es\/wp-json\/wp\/v2\/users\/3"}],"replies":[{"embeddable":true,"href":"https:\/\/www.apex-timing.com\/es\/wp-json\/wp\/v2\/comments?post=4958"}],"version-history":[{"count":0,"href":"https:\/\/www.apex-timing.com\/es\/wp-json\/wp\/v2\/pages\/4958\/revisions"}],"wp:attachment":[{"href":"https:\/\/www.apex-timing.com\/es\/wp-json\/wp\/v2\/media?parent=4958"}],"curies":[{"name":"wp","href":"https:\/\/api.w.org\/{rel}","templated":true}]}}