{"id":1222,"date":"2024-12-05T13:36:50","date_gmt":"2024-12-05T12:36:50","guid":{"rendered":"https:\/\/www2.apex-timing.com\/wordpress\/?page_id=1222"},"modified":"2025-01-23T15:22:09","modified_gmt":"2025-01-23T14:22:09","slug":"faq-apex-timing","status":"publish","type":"page","link":"https:\/\/www.apex-timing.com\/fr\/faq-apex-timing\/","title":{"rendered":"FAQ"},"content":{"rendered":"\t\t<div data-elementor-type=\"wp-page\" data-elementor-id=\"1222\" class=\"elementor elementor-1222\">\n\t\t\t\t<div class=\"elementor-element elementor-element-2aadba8 e-con-full e-flex e-con e-parent\" data-id=\"2aadba8\" data-element_type=\"container\" data-settings=\"{&quot;background_background&quot;:&quot;classic&quot;}\">\n\t\t<div class=\"elementor-element elementor-element-932f8b1 e-con-full e-flex e-con e-child\" data-id=\"932f8b1\" data-element_type=\"container\">\n\t\t\t\t<div class=\"elementor-element elementor-element-65e990c premium-header-inline elementor-widget elementor-widget-premium-addon-dual-header\" data-id=\"65e990c\" data-element_type=\"widget\" id=\"h1loisir\" data-widget_type=\"premium-addon-dual-header.default\">\n\t\t\t\t<div class=\"elementor-widget-container\">\n\t\t\t\t\t\r\n\t\t\t\t\t<h1 class=\"premium-dual-header-first-header \"><span class=\"premium-dual-header-first-span\">FOIRE AUX QUESTIONS <\/span><\/h1> \t\t\r\n\t\t\t\t\t\t<\/div>\n\t\t\t\t<\/div>\n\t\t\t\t<div class=\"elementor-element elementor-element-5bf0613 elementor-widget elementor-widget-text-editor\" data-id=\"5bf0613\" data-element_type=\"widget\" data-widget_type=\"text-editor.default\">\n\t\t\t\t<div class=\"elementor-widget-container\">\n\t\t\t\t\t\t\t\t\t<p>Vous avez des questions concernant nos fonctionnalit\u00e9s ? <br>Vous souhaitez prendre rendez-vous pour savoir quelle solution vous correspond le mieux ?<\/p>\t\t\t\t\t\t\t\t<\/div>\n\t\t\t\t<\/div>\n\t\t\t\t<\/div>\n\t\t<div class=\"elementor-element elementor-element-191ce88 e-con-full e-flex e-con e-child\" data-id=\"191ce88\" data-element_type=\"container\">\n\t\t\t\t<\/div>\n\t\t\t\t<\/div>\n\t\t<div class=\"elementor-element elementor-element-03e7260 e-con-full e-flex e-con e-parent\" data-id=\"03e7260\" data-element_type=\"container\">\n\t\t\t\t<div class=\"elementor-element elementor-element-927392c elementor-widget elementor-widget-heading\" data-id=\"927392c\" data-element_type=\"widget\" data-widget_type=\"heading.default\">\n\t\t\t\t<div class=\"elementor-widget-container\">\n\t\t\t\t\t<h3 class=\"elementor-heading-title elementor-size-default\">Lorem ipsum ?<\/h3>\t\t\t\t<\/div>\n\t\t\t\t<\/div>\n\t\t\t\t<div class=\"elementor-element elementor-element-ea5146f elementor-widget elementor-widget-text-editor\" data-id=\"ea5146f\" data-element_type=\"widget\" data-widget_type=\"text-editor.default\">\n\t\t\t\t<div class=\"elementor-widget-container\">\n\t\t\t\t\t\t\t\t\t<p>Lorem ipsum dolor sit amet, consectetur adipiscing elit. Ut elit tellus, luctus nec ullamcorper mattis, pulvinar dapibus leo.<\/p>\t\t\t\t\t\t\t\t<\/div>\n\t\t\t\t<\/div>\n\t\t\t\t<\/div>\n\t\t<div class=\"elementor-element elementor-element-3ea913c e-con-full e-flex e-con e-parent\" data-id=\"3ea913c\" data-element_type=\"container\">\n\t\t\t\t<div class=\"elementor-element elementor-element-4ebb85d elementor-widget elementor-widget-heading\" data-id=\"4ebb85d\" data-element_type=\"widget\" data-widget_type=\"heading.default\">\n\t\t\t\t<div class=\"elementor-widget-container\">\n\t\t\t\t\t<h2 class=\"elementor-heading-title elementor-size-default\">VOUS NE TROUVEZ PAS LA R\u00c9PONSE \u00c0 VOS QUESTIONS ?<\/h2>\t\t\t\t<\/div>\n\t\t\t\t<\/div>\n\t\t\t\t<\/div>\n\t\t<div class=\"elementor-element elementor-element-49236f5 e-con-full e-flex e-con e-parent\" data-id=\"49236f5\" data-element_type=\"container\">\n\t\t\t\t<div class=\"elementor-element elementor-element-271176e elementor-mobile-align-justify elementor-widget elementor-widget-button\" data-id=\"271176e\" data-element_type=\"widget\" data-widget_type=\"button.default\">\n\t\t\t\t<div class=\"elementor-widget-container\">\n\t\t\t\t\t\t\t\t\t<div class=\"elementor-button-wrapper\">\n\t\t\t\t\t<a class=\"elementor-button elementor-button-link elementor-size-sm\" href=\"https:\/\/www.apex-timing.com\/wordpress\/contact-apex-timing-logiciels\/\">\n\t\t\t\t\t\t<span class=\"elementor-button-content-wrapper\">\n\t\t\t\t\t\t\t\t\t<span class=\"elementor-button-text\">Nous contacter<\/span>\n\t\t\t\t\t<\/span>\n\t\t\t\t\t<\/a>\n\t\t\t\t<\/div>\n\t\t\t\t\t\t\t\t<\/div>\n\t\t\t\t<\/div>\n\t\t\t\t<\/div>\n\t\t<div class=\"elementor-element elementor-element-cb6156d e-con-full e-flex e-con e-parent\" data-id=\"cb6156d\" data-element_type=\"container\">\n\t\t\t\t<div class=\"elementor-element elementor-element-4bfa360 elementor-widget elementor-widget-heading\" data-id=\"4bfa360\" data-element_type=\"widget\" data-widget_type=\"heading.default\">\n\t\t\t\t<div class=\"elementor-widget-container\">\n\t\t\t\t\t<h2 class=\"elementor-heading-title elementor-size-default\">POURQUOI CHOISIR<span class=\"titlebluebold\"> APEX TIMING ?<\/span><\/h2>\t\t\t\t<\/div>\n\t\t\t\t<\/div>\n\t\t\t\t<\/div>\n\t\t<div class=\"elementor-element elementor-element-70a3a3c e-con-full e-flex e-con e-parent\" data-id=\"70a3a3c\" data-element_type=\"container\" data-settings=\"{&quot;background_background&quot;:&quot;classic&quot;}\">\n\t\t<div class=\"elementor-element elementor-element-4733b1c e-con-full e-flex e-con e-child\" data-id=\"4733b1c\" data-element_type=\"container\" data-settings=\"{&quot;position&quot;:&quot;absolute&quot;}\">\n\t\t\t\t<div class=\"elementor-element elementor-element-ded6053 elementor-widget__width-inherit elementor-widget-tablet__width-initial elementor-position-top elementor-widget elementor-widget-image-box\" data-id=\"ded6053\" data-element_type=\"widget\" data-widget_type=\"image-box.default\">\n\t\t\t\t<div class=\"elementor-widget-container\">\n\t\t\t\t\t<div class=\"elementor-image-box-wrapper\"><figure class=\"elementor-image-box-img\"><img decoding=\"async\" src=\"https:\/\/www.apex-timing.com\/wordpress\/wp-content\/uploads\/elementor\/thumbs\/assistance@2x-r0nou6be3p9va6ip17m5n47m2wmx2k9kih2s5xl7gk.png\" title=\"assistance@2x\" alt=\"assistance_support\" loading=\"lazy\" \/><\/figure><div class=\"elementor-image-box-content\"><h3 class=\"elementor-image-box-title\">Assistance 7\/7<\/h3><p class=\"elementor-image-box-description\">Notre service est r\u00e9actif et professionnel tout au long de la semaine, week-ends et jours f\u00e9ri\u00e9s.<\/p><\/div><\/div>\t\t\t\t<\/div>\n\t\t\t\t<\/div>\n\t\t\t\t<div class=\"elementor-element elementor-element-cb9d6cc elementor-widget__width-inherit elementor-widget-tablet__width-initial elementor-position-top elementor-widget elementor-widget-image-box\" data-id=\"cb9d6cc\" data-element_type=\"widget\" data-widget_type=\"image-box.default\">\n\t\t\t\t<div class=\"elementor-widget-container\">\n\t\t\t\t\t<div class=\"elementor-image-box-wrapper\"><figure class=\"elementor-image-box-img\"><img decoding=\"async\" src=\"https:\/\/www.apex-timing.com\/wordpress\/wp-content\/uploads\/elementor\/thumbs\/formation@2x-r0nou6be3p9va6ip17m5n47m2wmx2k9kih2s5xl7gk.png\" title=\"formation@2x\" alt=\"formation@2x\" loading=\"lazy\" \/><\/figure><div class=\"elementor-image-box-content\"><h3 class=\"elementor-image-box-title\">Formation<\/h3><p class=\"elementor-image-box-description\">Accompagnement pour une utilisation optimale du logiciel. B\u00e9n\u00e9ficiez aussi d'une aide en ligne et des proc\u00e9dure pour utiliser notre solution avec facilit\u00e9.<\/p><\/div><\/div>\t\t\t\t<\/div>\n\t\t\t\t<\/div>\n\t\t\t\t<div class=\"elementor-element elementor-element-c1b969a elementor-widget__width-inherit elementor-widget-tablet__width-initial elementor-position-top elementor-widget elementor-widget-image-box\" data-id=\"c1b969a\" data-element_type=\"widget\" data-widget_type=\"image-box.default\">\n\t\t\t\t<div class=\"elementor-widget-container\">\n\t\t\t\t\t<div class=\"elementor-image-box-wrapper\"><figure class=\"elementor-image-box-img\"><img decoding=\"async\" src=\"https:\/\/www.apex-timing.com\/wordpress\/wp-content\/uploads\/elementor\/thumbs\/miseajour@2x-r0nou6be3p9va6ip17m5n47m2wmx2k9kih2s5xl7gk.png\" title=\"miseajour@2x\" alt=\"miseajour@2x\" loading=\"lazy\" \/><\/figure><div class=\"elementor-image-box-content\"><h3 class=\"elementor-image-box-title\">Mises \u00e0 jour<\/h3><p class=\"elementor-image-box-description\">Les mises \u00e0 jour sont automatiques et vous permettent d'avoir acc\u00e8s en continu au nouvelles fonctionnalit\u00e9s<\/p><\/div><\/div>\t\t\t\t<\/div>\n\t\t\t\t<\/div>\n\t\t\t\t<div class=\"elementor-element elementor-element-46f72a9 elementor-widget__width-inherit elementor-widget-tablet__width-initial elementor-position-top elementor-widget elementor-widget-image-box\" data-id=\"46f72a9\" data-element_type=\"widget\" data-widget_type=\"image-box.default\">\n\t\t\t\t<div class=\"elementor-widget-container\">\n\t\t\t\t\t<div class=\"elementor-image-box-wrapper\"><figure class=\"elementor-image-box-img\"><img decoding=\"async\" src=\"https:\/\/www.apex-timing.com\/wordpress\/wp-content\/uploads\/elementor\/thumbs\/premium@2x-r0nou6be3p9va6ip17m5n47m2wmx2k9kih2s5xl7gk.png\" title=\"premium@2x\" alt=\"premium@2x\" loading=\"lazy\" \/><\/figure><div class=\"elementor-image-box-content\"><h3 class=\"elementor-image-box-title\">Solution Premium<\/h3><p class=\"elementor-image-box-description\">Solution hybride enti\u00e8rement s\u00e9curis\u00e9e, propri\u00e9taire de vos donn\u00e9es. La solution est personnalisable et s'adapte \u00e0 vos besoins.<\/p><\/div><\/div>\t\t\t\t<\/div>\n\t\t\t\t<\/div>\n\t\t\t\t<div class=\"elementor-element elementor-element-bcc2e47 elementor-widget__width-inherit elementor-widget-tablet__width-initial elementor-position-top elementor-widget elementor-widget-image-box\" data-id=\"bcc2e47\" data-element_type=\"widget\" data-widget_type=\"image-box.default\">\n\t\t\t\t<div class=\"elementor-widget-container\">\n\t\t\t\t\t<div class=\"elementor-image-box-wrapper\"><figure class=\"elementor-image-box-img\"><img decoding=\"async\" src=\"https:\/\/www.apex-timing.com\/wordpress\/wp-content\/uploads\/elementor\/thumbs\/pasfrais@2x-r0nou6be3p9va6ip17m5n47m2wmx2k9kih2s5xl7gk.png\" title=\"pasfrais@2x\" alt=\"pasfrais@2x\" loading=\"lazy\" \/><\/figure><div class=\"elementor-image-box-content\"><h3 class=\"elementor-image-box-title\">Pas de frais cach\u00e9s<\/h3><p class=\"elementor-image-box-description\">Aucun frais cach\u00e9 chez Apex Timing ! Pas de co\u00fbt par membre ni de commission sur les ventes.<\/p><\/div><\/div>\t\t\t\t<\/div>\n\t\t\t\t<\/div>\n\t\t\t\t<\/div>\n\t\t\t\t<\/div>\n\t\t<div class=\"elementor-element elementor-element-3f035f9 e-con-full e-flex e-con e-parent\" data-id=\"3f035f9\" data-element_type=\"container\" data-settings=\"{&quot;background_background&quot;:&quot;classic&quot;}\">\n\t\t\t\t<div class=\"elementor-element elementor-element-ff1a5f7 elementor-widget elementor-widget-button\" data-id=\"ff1a5f7\" data-element_type=\"widget\" data-widget_type=\"button.default\">\n\t\t\t\t<div class=\"elementor-widget-container\">\n\t\t\t\t\t\t\t\t\t<div class=\"elementor-button-wrapper\">\n\t\t\t\t\t<a class=\"elementor-button elementor-button-link elementor-size-sm\" href=\"https:\/\/www.apex-timing.com\/wordpress\/contact-apex-timing-logiciels\/\">\n\t\t\t\t\t\t<span class=\"elementor-button-content-wrapper\">\n\t\t\t\t\t\t\t\t\t<span class=\"elementor-button-text\">Nous contacter<\/span>\n\t\t\t\t\t<\/span>\n\t\t\t\t\t<\/a>\n\t\t\t\t<\/div>\n\t\t\t\t\t\t\t\t<\/div>\n\t\t\t\t<\/div>\n\t\t\t\t<\/div>\n\t\t\t\t<\/div>\n\t\t","protected":false},"excerpt":{"rendered":"<p>FOIRE AUX QUESTIONS Vous avez des questions concernant nos fonctionnalit\u00e9s ? Vous souhaitez prendre rendez-vous pour savoir quelle solution vous correspond le mieux ? Lorem ipsum ? Lorem ipsum dolor sit amet, consectetur adipiscing elit. Ut elit tellus, luctus nec ullamcorper mattis, pulvinar dapibus leo. VOUS NE TROUVEZ PAS LA R\u00c9PONSE \u00c0 VOS QUESTIONS ? [&hellip;]<\/p>\n","protected":false},"author":3,"featured_media":0,"parent":0,"menu_order":0,"comment_status":"closed","ping_status":"closed","template":"elementor_header_footer","meta":{"ocean_post_layout":"","ocean_both_sidebars_style":"","ocean_both_sidebars_content_width":0,"ocean_both_sidebars_sidebars_width":0,"ocean_sidebar":"0","ocean_second_sidebar":"0","ocean_disable_margins":"enable","ocean_add_body_class":"","ocean_shortcode_before_top_bar":"","ocean_shortcode_after_top_bar":"","ocean_shortcode_before_header":"","ocean_shortcode_after_header":"","ocean_has_shortcode":"","ocean_shortcode_after_title":"","ocean_shortcode_before_footer_widgets":"","ocean_shortcode_after_footer_widgets":"","ocean_shortcode_before_footer_bottom":"","ocean_shortcode_after_footer_bottom":"","ocean_display_top_bar":"default","ocean_display_header":"default","ocean_header_style":"","ocean_center_header_left_menu":"0","ocean_custom_header_template":"0","ocean_custom_logo":0,"ocean_custom_retina_logo":0,"ocean_custom_logo_max_width":0,"ocean_custom_logo_tablet_max_width":0,"ocean_custom_logo_mobile_max_width":0,"ocean_custom_logo_max_height":0,"ocean_custom_logo_tablet_max_height":0,"ocean_custom_logo_mobile_max_height":0,"ocean_header_custom_menu":"0","ocean_menu_typo_font_family":"0","ocean_menu_typo_font_subset":"","ocean_menu_typo_font_size":0,"ocean_menu_typo_font_size_tablet":0,"ocean_menu_typo_font_size_mobile":0,"ocean_menu_typo_font_size_unit":"px","ocean_menu_typo_font_weight":"","ocean_menu_typo_font_weight_tablet":"","ocean_menu_typo_font_weight_mobile":"","ocean_menu_typo_transform":"","ocean_menu_typo_transform_tablet":"","ocean_menu_typo_transform_mobile":"","ocean_menu_typo_line_height":0,"ocean_menu_typo_line_height_tablet":0,"ocean_menu_typo_line_height_mobile":0,"ocean_menu_typo_line_height_unit":"","ocean_menu_typo_spacing":0,"ocean_menu_typo_spacing_tablet":0,"ocean_menu_typo_spacing_mobile":0,"ocean_menu_typo_spacing_unit":"","ocean_menu_link_color":"","ocean_menu_link_color_hover":"","ocean_menu_link_color_active":"","ocean_menu_link_background":"","ocean_menu_link_hover_background":"","ocean_menu_link_active_background":"","ocean_menu_social_links_bg":"","ocean_menu_social_hover_links_bg":"","ocean_menu_social_links_color":"","ocean_menu_social_hover_links_color":"","ocean_disable_title":"on","ocean_disable_heading":"default","ocean_post_title":"","ocean_post_subheading":"","ocean_post_title_style":"","ocean_post_title_background_color":"","ocean_post_title_background":0,"ocean_post_title_bg_image_position":"","ocean_post_title_bg_image_attachment":"","ocean_post_title_bg_image_repeat":"","ocean_post_title_bg_image_size":"","ocean_post_title_height":0,"ocean_post_title_bg_overlay":0.5,"ocean_post_title_bg_overlay_color":"","ocean_disable_breadcrumbs":"default","ocean_breadcrumbs_color":"","ocean_breadcrumbs_separator_color":"","ocean_breadcrumbs_links_color":"","ocean_breadcrumbs_links_hover_color":"","ocean_display_footer_widgets":"default","ocean_display_footer_bottom":"default","ocean_custom_footer_template":"0","footnotes":""},"class_list":["post-1222","page","type-page","status-publish","hentry","entry"],"_links":{"self":[{"href":"https:\/\/www.apex-timing.com\/fr\/wp-json\/wp\/v2\/pages\/1222","targetHints":{"allow":["GET"]}}],"collection":[{"href":"https:\/\/www.apex-timing.com\/fr\/wp-json\/wp\/v2\/pages"}],"about":[{"href":"https:\/\/www.apex-timing.com\/fr\/wp-json\/wp\/v2\/types\/page"}],"author":[{"embeddable":true,"href":"https:\/\/www.apex-timing.com\/fr\/wp-json\/wp\/v2\/users\/3"}],"replies":[{"embeddable":true,"href":"https:\/\/www.apex-timing.com\/fr\/wp-json\/wp\/v2\/comments?post=1222"}],"version-history":[{"count":0,"href":"https:\/\/www.apex-timing.com\/fr\/wp-json\/wp\/v2\/pages\/1222\/revisions"}],"wp:attachment":[{"href":"https:\/\/www.apex-timing.com\/fr\/wp-json\/wp\/v2\/media?parent=1222"}],"curies":[{"name":"wp","href":"https:\/\/api.w.org\/{rel}","templated":true}]}}