{"id":2727,"date":"2025-01-15T15:12:27","date_gmt":"2025-01-15T14:12:27","guid":{"rendered":"https:\/\/www2.apex-timing.com\/wordpress\/?page_id=2727"},"modified":"2025-01-16T14:47:30","modified_gmt":"2025-01-16T13:47:30","slug":"politique-de-confidentialite","status":"publish","type":"page","link":"https:\/\/www.apex-timing.com\/fr\/politique-de-confidentialite\/","title":{"rendered":"Politique de confidentialit\u00e9"},"content":{"rendered":"\t\t<div data-elementor-type=\"wp-page\" data-elementor-id=\"2727\" class=\"elementor elementor-2727\">\n\t\t\t\t<div class=\"elementor-element elementor-element-39724e3 e-con-full e-flex e-con e-parent\" data-id=\"39724e3\" data-element_type=\"container\">\n\t\t\t\t<div class=\"elementor-element elementor-element-37e8e48 elementor-widget elementor-widget-heading\" data-id=\"37e8e48\" data-element_type=\"widget\" data-widget_type=\"heading.default\">\n\t\t\t\t<div class=\"elementor-widget-container\">\n\t\t\t\t\t<h1 class=\"elementor-heading-title elementor-size-default\">Politique de confidentialit\u00e9<\/h1>\t\t\t\t<\/div>\n\t\t\t\t<\/div>\n\t\t\t\t<div class=\"elementor-element elementor-element-b6ad043 elementor-widget elementor-widget-text-editor\" data-id=\"b6ad043\" data-element_type=\"widget\" data-widget_type=\"text-editor.default\">\n\t\t\t\t<div class=\"elementor-widget-container\">\n\t\t\t\t\t\t\t\t\t<p><span>La soci\u00e9t\u00e9 Apex Timing<\/span><span>,\u00a0<\/span><span><span style=\"font-size: medium;\">s<\/span><\/span><em><span><span style=\"font-size: medium;\">oci\u00e9t\u00e9 par actions simplifi\u00e9e \u00e0 associ\u00e9 unique au capital de 35.000 \u20ac, immatricul\u00e9e au RCS d\u2019ANNECY sous le num\u00e9ro 531 976\u00a0017, dont le si\u00e8ge social est situ\u00e9 11 ROUTE DE LA SALLE CRAN-GEVRIER 74960 ANNECY,<\/span><\/span><\/em><span><span style=\"font-size: medium;\">\u00a0<\/span><\/span><span>est susceptible, au cours de ses activit\u00e9s, de traiter vos donn\u00e9es \u00e0 caract\u00e8re personnel.<\/span><\/p><p>Apex Timing s&rsquo;engage \u00e0 ce que la collecte et le traitement desdites donn\u00e9es \u00e0 caract\u00e8re personnel, effectu\u00e9s \u00e0 partir du site\u00a0<a href=\"https:\/\/www.apex-timing.com\/\">https:\/\/www.<\/a><a href=\"https:\/\/www.apex-timing.com\/\">a<\/a><a href=\"https:\/\/www.apex-timing.com\/\">pex-timing.com\/<\/a>, de l\u2019application mobile,\u00a0et\/ou dans le cadre de l\u2019utilisation des solutions Apex Timing par les clients, soient effectu\u00e9s conform\u00e9ment au r\u00e8glement g\u00e9n\u00e9ral sur la protection des donn\u00e9es (RGPD) et \u00e0 la\u00a0<a href=\"https:\/\/www.legifrance.gouv.fr\/affichTexte.do?cidTexte=JORFTEXT000000886460#_blank\" target=\"_blank\" rel=\"noopener\">loi Informatique et Libert\u00e9s n\u00b0 78-17 du 6 janvier 1978 relative \u00e0 l\u2019informatique<\/a>\u00a0modifi\u00e9e, aux fichiers et aux libert\u00e9s, dans sa version en vigueur, ainsi qu\u2019aux recommandations \u00e9mises par la Commission nationale de l\u2019informatique et des libert\u00e9s (<a href=\"https:\/\/www.cnil.fr\/\" target=\"_blank\" rel=\"noopener\">CNIL<\/a>).<\/p><p>La pr\u00e9sente politique vous fournit des informations sur la fa\u00e7on dont sont trait\u00e9es vos donn\u00e9es \u00e0 caract\u00e8re personnel par Apex Timing. Elle est mise \u00e0 jour r\u00e9guli\u00e8rement afin de prendre en compte les \u00e9volutions l\u00e9gislatives et r\u00e9glementaires, et tout changement dans l\u2019organisation d\u2019Apex Timing. Cette politique a \u00e9t\u00e9 mise \u00e0 jour le 17\/10\/2022.<\/p><p>Apex Timing peut \u00eatre amen\u00e9 \u00e0 modifier occasionnellement la pr\u00e9sente politique de confidentialit\u00e9. Apex Timing vous conseille de consulter r\u00e9guli\u00e8rement cette page pour prendre connaissance des \u00e9ventuelles modifications ou mises \u00e0 jour apport\u00e9es \u00e0 notre politique de confidentialit\u00e9.<\/p><p>Afin de prot\u00e9ger votre vie priv\u00e9e et vos donn\u00e9es \u00e0 caract\u00e8re personnel de la fa\u00e7on la plus efficace possible, Apex Timing a d\u00e9sign\u00e9 un d\u00e9l\u00e9gu\u00e9 la protection des donn\u00e9es (DPO). Cette personne, qui est le point de contact privil\u00e9gi\u00e9 de l\u2019autorit\u00e9 de contr\u00f4le, a pour mission de s\u2019assurer qu\u2019Apex Timing traite vos donn\u00e9es conform\u00e9ment \u00e0 la r\u00e9glementation. Vous pouvez contacter le d\u00e9l\u00e9gu\u00e9 \u00e0 la protection des donn\u00e9es d\u2019Apex Timing \u00e0 l\u2019adresse suivante :\u00a0<a href=\"mailto:dpo@apex-timing.com\">dpo@apex-timing.com<\/a><\/p><p>L\u2019utilisation du site Web et\/ou de l\u2019application mobile d\u2019Apex Timing implique votre acceptation pleine et enti\u00e8re de la pr\u00e9sente Politique de Confidentialit\u00e9. Si vous \u00eates en d\u00e9saccord avec l\u2019un de ses termes, vous \u00eates libre de ne pas utiliser nos services.<\/p><p>\u00a0<\/p><h3>1. Engagements d\u2019Apex Timing<\/h3><p>De mani\u00e8re g\u00e9n\u00e9rale, Apex Timing s\u2019engage \u00e0 se conformer \u00e0 la r\u00e9glementation applicable pour tous les traitements de donn\u00e9es \u00e0 caract\u00e8re personnel qu\u2019elle r\u00e9alise. Ainsi, Apex Timing s\u2019engage \u00e0 respecter notamment les principes suivants :<\/p><ul><li><p>Apex Timing traite vos donn\u00e9es \u00e0 caract\u00e8re personnel de fa\u00e7on licite, loyale et transparente ;<\/p><\/li><li><p>Apex Timing collecte vos donn\u00e9es \u00e0 caract\u00e8re personnel pour des finalit\u00e9s sp\u00e9cifiques, explicites et l\u00e9gitimes et ne les traitera pas d\u2019une fa\u00e7on incompatible avec ces finalit\u00e9s ;<\/p><\/li><li><p>Apex Timing s\u2019assure que les donn\u00e9es \u00e0 caract\u00e8re personnel trait\u00e9es sont ad\u00e9quates, pertinentes et limit\u00e9es \u00e0 ce qui est n\u00e9cessaire au regard des finalit\u00e9s pour lesquelles elles sont trait\u00e9es ;<\/p><\/li><li><p>Apex Timing traitera vos donn\u00e9es \u00e0 caract\u00e8re personnel de fa\u00e7on \u00e0 garantir un niveau de s\u00e9curit\u00e9 appropri\u00e9 pour lesdites donn\u00e9es.<\/p><\/li><li><p>Chaque op\u00e9ration de traitement sera r\u00e9alis\u00e9e en prenant en compte les principes de la protection des donn\u00e9es, afin de satisfaire au principe de protection des donn\u00e9es d\u00e8s la conception ;<\/p><\/li><li><p>Apex Timing s\u2019engage \u00e0 s\u00e9curiser et prot\u00e9ger vos donn\u00e9es \u00e0 caract\u00e8re personnel. \u00c0 cette fin, Apex Timing ne travaille qu\u2019avec des partenaires de confiance ;<\/p><\/li><li><p>Apex Timing respectera vos droits en tant que personne concern\u00e9e, et fera ses meilleurs efforts pour satisfaire \u00e0 vos requ\u00eates, d\u00e8s lors que celles-ci sont fond\u00e9es ;<\/p><\/li><\/ul><p>\u00a0<\/p><h3>2. Engagements d\u2019Apex Timing en sa qualit\u00e9 de responsable de traitement<\/h3><p>Apex Timing, quand il agit en qualit\u00e9 de responsable de traitement, est responsable des donn\u00e9es \u00e0 caract\u00e8re personnel que vous lui fournissez, directement ou indirectement.<\/p><p>Les informations nominatives recueillies par le biais de nos formulaires (contact, t\u00e9l\u00e9chargement de documents, etc.) ou de ceux de nos partenaires commerciaux sont destin\u00e9es uniquement \u00e0 Apex Timing ; elles ne feront pas l\u2019objet de communications ext\u00e9rieures que pour les seules n\u00e9cessit\u00e9s de la gestion ou pour satisfaire aux obligations l\u00e9gales et r\u00e9glementaires.<\/p><p>Les donn\u00e9es personnelles recueillies par Apex Timing sont trait\u00e9es selon des protocoles s\u00e9curis\u00e9s. Apex Timing prend d\u00e8s lors toutes mesures ad\u00e9quates afin de prot\u00e9ger la confidentialit\u00e9 des donn\u00e9es \u00e0 caract\u00e8re personnel qui vous concernent. Cependant, Apex Timing ne peut assurer la confidentialit\u00e9 des messages que vous pouvez adresser transitant par un r\u00e9seau ouvert de t\u00e9l\u00e9communications.<\/p><p>Les donn\u00e9es \u00e0 caract\u00e8re personnel qu\u2019Apex Timing est susceptible de collecter sont par exemple :<\/p><ul><li><p>Des donn\u00e9es d\u2019identification, telles que vos noms et pr\u00e9noms, votre adresse, votre num\u00e9ro de t\u00e9l\u00e9phone, votre adresse mail\u00a0;<\/p><\/li><li><p>Des donn\u00e9es de candidature, telles que votre CV, vos dipl\u00f4mes, votre exp\u00e9rience professionnelle, si vous souhaitez postuler chez Apex Timing\u00a0;<\/p><\/li><li><p>Des donn\u00e9es professionnelles, telles que vos dipl\u00f4mes et comp\u00e9tences, num\u00e9ro de contact et mail professionnel, et fonctions, si vous \u00eates un fournisseur, prestataire de services ou partenaire d\u2019Apex Timing.<\/p><\/li><\/ul><p>Les traitements de donn\u00e9es \u00e0 caract\u00e8re personnel r\u00e9alis\u00e9s par Apex Timing ont une finalit\u00e9 explicite, l\u00e9gitime et d\u00e9termin\u00e9e. Vos donn\u00e9es \u00e0 caract\u00e8re personnel peuvent par exemple \u00eatre trait\u00e9es pour les finalit\u00e9s suivantes :<\/p><p>* Si vous \u00eates un client ou un prospect, Apex Timing peut traiter vos donn\u00e9es \u00e0 caract\u00e8res personnelles aux fins suivantes :<\/p><ul><li><p>la prospection et l\u2019animation ;<\/p><\/li><li><p>la gestion de notre relation avec vous ;<\/p><\/li><li><p>l\u2019envoi de la newsletter, des nouveaut\u00e9s et des informations relatives au logiciel ;<\/p><\/li><li><p>la production, la gestion, le suivi de vos dossiers ;<\/p><\/li><li><p>le recouvrement ;<\/p><\/li><li><p>la facturation ;<\/p><\/li><li><p>la comptabilit\u00e9.<br \/>\u00a0<\/p><\/li><\/ul><p>* En cas de soumission d\u2019une candidature pour un poste au sein d\u2019Apex Timing, Apex Timing est susceptible de traiter vos donn\u00e9es afin de g\u00e9rer votre candidature.<\/p><p>* Si vous \u00eates inscrit \u00e0 l\u2019une des lettres d\u2019actualit\u00e9 d\u2019Apex Timing, Apex Timing est \u00e9galement susceptible de traiter vos donn\u00e9es \u00e0 caract\u00e8re personnel afin de vous envoyer ladite lettre par e-mail.<\/p><p>* Si vous \u00eates un fournisseur, prestataire de services ou partenaire d\u2019Apex Timing, Apex Timing peut enfin traiter vos donn\u00e9es pour la gestion de sa relation avec vous.<\/p><p>Le fondement l\u00e9gal pour la collecte et l\u2019utilisation de vos donn\u00e9es personnelles d\u00e9pend des donn\u00e9es personnelles collect\u00e9es et du contexte dans lequel nous les collectons. Le fondement l\u00e9gal du traitement de vos donn\u00e9es personnelles est bas\u00e9 sur des motifs tels que :<\/p><ul><li><p>L\u2019ex\u00e9cution d\u2019un contrat entre vous et Apex Timing ;<\/p><\/li><li><p>Le recueil de votre consentement ;<\/p><\/li><li><p>La n\u00e9cessit\u00e9 du traitement \u00e0 des fins de conformit\u00e9 l\u00e9gale et r\u00e9glementaire ;<\/p><\/li><li><p>L\u2019int\u00e9r\u00eat commercial d\u2019Apex Timing. Cet int\u00e9r\u00eat l\u00e9gitime nous permet, entre autres, de vous informer, en tant que professionnel, sur nos solutions pour lesquelles vous avez exprim\u00e9 un int\u00e9r\u00eat sur notre site ou de r\u00e9aliser des actions de\u00a0marketing\u00a0direct. Ces traitements sont mis en \u0153uvre en prenant en compte vos int\u00e9r\u00eats et vos droits fondamentaux.<\/p><\/li><\/ul><p>Le site web d\u2019Apex Timing contient des liens vers des r\u00e9seaux sociaux (Facebook, Instagram, LinkedIn, YouTube). \u00c0 ce titre, Apex Timing peut \u00eatre susceptible de collecter et d\u2019utiliser les donn\u00e9es \u00e0 caract\u00e8re personnel des membres du r\u00e9seau social concern\u00e9 s\u2019\u00e9tant inscrits en tant que membre, amis, followers, afin de les contacter sur le r\u00e9seau social utilis\u00e9 et\/ ou de leur transmettre des informations. Les membres du r\u00e9seau social concern\u00e9 peuvent s\u2019opposer \u00e0 tout moment \u00e0 une telle utilisation en s\u2019adressant au point de contact ci-apr\u00e8s.<\/p><p>Apex Timing vous informe que vous disposez d\u2019un droit d\u2019acc\u00e8s, de rectification, de portabilit\u00e9, d\u2019effacement ou d\u2019une limitation de traitement des informations personnelles qui vous concernent. Vous b\u00e9n\u00e9ficiez par ailleurs d\u2019un droit d\u2019opposition, pour des motifs l\u00e9gitimes, au traitement des donn\u00e9es vous concernant. Vous disposez \u00e9galement du droit de d\u00e9finir des directives relatives au sort de vos Donn\u00e9es Personnelles apr\u00e8s votre mort (Loi pour une R\u00e9publique num\u00e9rique). Toute demande fera l\u2019objet d\u2019une analyse de la part d\u2019Apex Timing et devra \u00eatre effectu\u00e9e par \u00e9crit, \u00eatre sign\u00e9e par le demandeur, comporter l\u2019adresse \u00e0 laquelle devra \u00eatre adress\u00e9e la r\u00e9ponse, et \u00eatre accompagn\u00e9e d\u2019un justificatif de son identit\u00e9.<br \/>Vous avez la possibilit\u00e9 d\u2019introduire une r\u00e9clamation aupr\u00e8s d\u2019une autorit\u00e9 de contr\u00f4le.<\/p><p>Pour toute information ou exercice de vos droits Informatique et Libert\u00e9s sur les traitements de donn\u00e9es personnelles g\u00e9r\u00e9s par Apex Timing, vous pouvez nous contacter \u00e0 l\u2019adresse mail\u00a0<a href=\"mailto:contact@a\">contact@a<\/a><a href=\"mailto:support@apex-timing.com\">pex-timing.com<\/a>\u00a0ou adresser un courrier \u00e0 l\u2019adresse suivante\u00a0:<\/p><p>Apex Timing, 11 route de la Salle, Cran Gevrier, 74960 Annecy \u2013 France<\/p><p>\u00a0<\/p><h3 class=\"western\">3. Engagements d<span><span style=\"font-size: large;\"><b>\u2019<\/b><\/span><\/span>Apex Timing en sa qualit\u00e9 de sous-traitant<\/h3><p>Apex Timing, en sa qualit\u00e9 d\u2019\u00e9diteur, offre \u00e0 ses clients \u2013 responsables de traitement &#8211; plusieurs services au travers desquels lesdits clients collectent, analysent, partagent ou traitent vos donn\u00e9es \u00e0 caract\u00e8re personnel par le biais de nos solutions et services.<\/p><p>Le traitement des donn\u00e9es personnelles des clients par Apex Timing en sa qualit\u00e9 de sous-traitant est d\u00e9taill\u00e9 dans les CGUM (Conditions G\u00e9n\u00e9rales d\u2019Utilisation et de Maintenance).<\/p><p><br \/>\u00a0<\/p><h3>4. Sp\u00e9cificit\u00e9s li\u00e9es \u00e0 l\u2019utilisation de l\u2019application mobile<\/h3><p><strong>Les donn\u00e9es personnelles pouvant \u00eatre collect\u00e9es\u00a0dans le cadre de l\u2019utilisation de l\u2019application mobile<\/strong><strong>\u00a0sont des donn\u00e9es d\u2019identification telles que vos noms et pr\u00e9noms,\u00a0<\/strong><strong>votre \u00e2ge,\u00a0votre adresse, votre num\u00e9ro de t\u00e9l\u00e9phone, votre adresse mail.<\/strong><\/p><p><strong>Les donn\u00e9es personnelles collect\u00e9es aupr\u00e8s des utilisateurs ont pour objectif la mise \u00e0 disposition des services de l&rsquo;application, leur am\u00e9lioration et le maintien dans un\u00a0environnement s\u00e9curis\u00e9. Plus pr\u00e9cis\u00e9ment, les utilisations sont les suivantes :<\/strong><\/p><ul><li><p>Acc\u00e8s et utilisation de l&rsquo;application par l\u2019utilisateur \u00e0 des fins de d\u00e9monstration<\/p><\/li><li><p>Gestion du fonctionnement et optimisation de l&rsquo;application<\/p><\/li><\/ul><p><br \/>\u00a0<\/p><h3>5. Dur\u00e9e de conservation des donn\u00e9es<\/h3><p>Apex Timing conserve vos Donn\u00e9es \u00e0 Caract\u00e8re Personnel conform\u00e9ment aux dispositions l\u00e9gales et r\u00e9glementaires suivantes :<\/p><p>&#8211; Apex Timing conserve les informations relatives \u00e0 la gestion du compte Client, des commandes, de la facturation, des paiements\u00a010\u00a0ans apr\u00e8s la fin du contrat ou du dernier contact \u00e9manant du Client inactif.<\/p><p>&#8211; Apex Timing conserve les informations relatives \u00e0 la constitution et \u00e0 la gestion des fichiers de prospection\u00a03\u00a0ans \u00e0 compter du dernier contact \u00e9manant du prospect.<\/p><p>&#8211; Apex Timing conserve les donn\u00e9es des clients inactifs aux fins d\u2019envoi d\u2019informations sur nos offres commerciales et marketing, dans un d\u00e9lai de\u00a03\u00a0ans apr\u00e8s la fin de la relation Commerciale.<\/p><p>Lorsque la conservation des Donn\u00e9es n\u2019est plus justifi\u00e9e par la gestion d\u2019un compte Client, une obligation l\u00e9gale, des exigences commerciales, la constatation, l\u2019exercice ou \u00e0 la d\u00e9fense des droits en justice d\u2019Apex Timing, ou lorsque vous le demandez par application de l\u2019un de vos droits, nous supprimons vos Donn\u00e9es de fa\u00e7on s\u00e9curis\u00e9e.<\/p><p>\u00a0<\/p><h3>6. Cookies<\/h3><p>La soci\u00e9t\u00e9 Apex Timing n\u2019exploite pas directement de cookies sur son site web et sur son application mobile et ne met en \u0153uvre aucun processus d\u2019identification ou de suivi des visiteurs..<\/p>\t\t\t\t\t\t\t\t<\/div>\n\t\t\t\t<\/div>\n\t\t\t\t<\/div>\n\t\t\t\t<\/div>\n\t\t","protected":false},"excerpt":{"rendered":"<p>Politique de confidentialit\u00e9 La soci\u00e9t\u00e9 Apex Timing,\u00a0soci\u00e9t\u00e9 par actions simplifi\u00e9e \u00e0 associ\u00e9 unique au capital de 35.000 \u20ac, immatricul\u00e9e au RCS d\u2019ANNECY sous le num\u00e9ro 531 976\u00a0017, dont le si\u00e8ge social est situ\u00e9 11 ROUTE DE LA SALLE CRAN-GEVRIER 74960 ANNECY,\u00a0est susceptible, au cours de ses activit\u00e9s, de traiter vos donn\u00e9es \u00e0 caract\u00e8re personnel. Apex [&hellip;]<\/p>\n","protected":false},"author":3,"featured_media":0,"parent":0,"menu_order":0,"comment_status":"closed","ping_status":"closed","template":"elementor_header_footer","meta":{"ocean_post_layout":"","ocean_both_sidebars_style":"","ocean_both_sidebars_content_width":0,"ocean_both_sidebars_sidebars_width":0,"ocean_sidebar":"0","ocean_second_sidebar":"0","ocean_disable_margins":"enable","ocean_add_body_class":"","ocean_shortcode_before_top_bar":"","ocean_shortcode_after_top_bar":"","ocean_shortcode_before_header":"","ocean_shortcode_after_header":"","ocean_has_shortcode":"","ocean_shortcode_after_title":"","ocean_shortcode_before_footer_widgets":"","ocean_shortcode_after_footer_widgets":"","ocean_shortcode_before_footer_bottom":"","ocean_shortcode_after_footer_bottom":"","ocean_display_top_bar":"default","ocean_display_header":"default","ocean_header_style":"","ocean_center_header_left_menu":"0","ocean_custom_header_template":"0","ocean_custom_logo":0,"ocean_custom_retina_logo":0,"ocean_custom_logo_max_width":0,"ocean_custom_logo_tablet_max_width":0,"ocean_custom_logo_mobile_max_width":0,"ocean_custom_logo_max_height":0,"ocean_custom_logo_tablet_max_height":0,"ocean_custom_logo_mobile_max_height":0,"ocean_header_custom_menu":"23","ocean_menu_typo_font_family":"0","ocean_menu_typo_font_subset":"","ocean_menu_typo_font_size":0,"ocean_menu_typo_font_size_tablet":0,"ocean_menu_typo_font_size_mobile":0,"ocean_menu_typo_font_size_unit":"px","ocean_menu_typo_font_weight":"","ocean_menu_typo_font_weight_tablet":"","ocean_menu_typo_font_weight_mobile":"","ocean_menu_typo_transform":"","ocean_menu_typo_transform_tablet":"","ocean_menu_typo_transform_mobile":"","ocean_menu_typo_line_height":0,"ocean_menu_typo_line_height_tablet":0,"ocean_menu_typo_line_height_mobile":0,"ocean_menu_typo_line_height_unit":"","ocean_menu_typo_spacing":0,"ocean_menu_typo_spacing_tablet":0,"ocean_menu_typo_spacing_mobile":0,"ocean_menu_typo_spacing_unit":"","ocean_menu_link_color":"","ocean_menu_link_color_hover":"","ocean_menu_link_color_active":"","ocean_menu_link_background":"","ocean_menu_link_hover_background":"","ocean_menu_link_active_background":"","ocean_menu_social_links_bg":"","ocean_menu_social_hover_links_bg":"","ocean_menu_social_links_color":"","ocean_menu_social_hover_links_color":"","ocean_disable_title":"on","ocean_disable_heading":"default","ocean_post_title":"","ocean_post_subheading":"","ocean_post_title_style":"","ocean_post_title_background_color":"","ocean_post_title_background":0,"ocean_post_title_bg_image_position":"","ocean_post_title_bg_image_attachment":"","ocean_post_title_bg_image_repeat":"","ocean_post_title_bg_image_size":"","ocean_post_title_height":0,"ocean_post_title_bg_overlay":0.5,"ocean_post_title_bg_overlay_color":"","ocean_disable_breadcrumbs":"default","ocean_breadcrumbs_color":"","ocean_breadcrumbs_separator_color":"","ocean_breadcrumbs_links_color":"","ocean_breadcrumbs_links_hover_color":"","ocean_display_footer_widgets":"default","ocean_display_footer_bottom":"default","ocean_custom_footer_template":"0","footnotes":""},"class_list":["post-2727","page","type-page","status-publish","hentry","entry"],"_links":{"self":[{"href":"https:\/\/www.apex-timing.com\/fr\/wp-json\/wp\/v2\/pages\/2727","targetHints":{"allow":["GET"]}}],"collection":[{"href":"https:\/\/www.apex-timing.com\/fr\/wp-json\/wp\/v2\/pages"}],"about":[{"href":"https:\/\/www.apex-timing.com\/fr\/wp-json\/wp\/v2\/types\/page"}],"author":[{"embeddable":true,"href":"https:\/\/www.apex-timing.com\/fr\/wp-json\/wp\/v2\/users\/3"}],"replies":[{"embeddable":true,"href":"https:\/\/www.apex-timing.com\/fr\/wp-json\/wp\/v2\/comments?post=2727"}],"version-history":[{"count":0,"href":"https:\/\/www.apex-timing.com\/fr\/wp-json\/wp\/v2\/pages\/2727\/revisions"}],"wp:attachment":[{"href":"https:\/\/www.apex-timing.com\/fr\/wp-json\/wp\/v2\/media?parent=2727"}],"curies":[{"name":"wp","href":"https:\/\/api.w.org\/{rel}","templated":true}]}}