{"id":4960,"date":"2025-01-20T13:14:18","date_gmt":"2025-01-20T12:14:18","guid":{"rendered":"https:\/\/www2.apex-timing.com\/wordpress\/?page_id=4960"},"modified":"2025-01-20T13:32:24","modified_gmt":"2025-01-20T12:32:24","slug":"politica-sulla-privacy","status":"publish","type":"page","link":"https:\/\/www.apex-timing.com\/it\/politica-sulla-privacy\/","title":{"rendered":"Politica sulla Privacy"},"content":{"rendered":"\t\t<div data-elementor-type=\"wp-page\" data-elementor-id=\"4960\" class=\"elementor elementor-4960\">\n\t\t\t\t<div class=\"elementor-element elementor-element-39724e3 e-con-full e-flex e-con e-parent\" data-id=\"39724e3\" data-element_type=\"container\">\n\t\t\t\t<div class=\"elementor-element elementor-element-37e8e48 elementor-widget elementor-widget-heading\" data-id=\"37e8e48\" data-element_type=\"widget\" data-widget_type=\"heading.default\">\n\t\t\t\t<div class=\"elementor-widget-container\">\n\t\t\t\t\t<h1 class=\"elementor-heading-title elementor-size-default\">Politica sulla Privacy<\/h1>\t\t\t\t<\/div>\n\t\t\t\t<\/div>\n\t\t\t\t<div class=\"elementor-element elementor-element-b6ad043 elementor-widget elementor-widget-text-editor\" data-id=\"b6ad043\" data-element_type=\"widget\" data-widget_type=\"text-editor.default\">\n\t\t\t\t<div class=\"elementor-widget-container\">\n\t\t\t\t\t\t\t\t\t<div>\n<p><strong>Apex Timing<\/strong>, una societ\u00e0 per azioni con un unico azionista e un capitale di 35.000 euro, registrata ad ANNECY con il numero <strong>531 976 017<\/strong>, con sede legale in <strong>11 ROUTE DE LA SALLE CRAN-GEVRIER 74960 ANNECY, FRANCIA<\/strong>, \u00e8 probabilmente incaricata del trattamento dei tuoi dati personali nell&#8217;ambito della sua attivit\u00e0.<\/p><p><strong>Apex Timing<\/strong> si impegna a garantire che la raccolta e il trattamento dei suddetti dati personali, effettuati dal sito web <a rel=\"noopener\" target=\"_new\" href=\"https:\/\/www.apex-timing.com\/\">https:\/\/www.apex-timing.com\/<\/a>, dall&#8217;applicazione mobile e\/o nel contesto dell&#8217;utilizzo delle soluzioni Apex Timing da parte dei clienti, avvengano in conformit\u00e0 con il <strong>Regolamento Generale sulla Protezione dei Dati (RGPD)<\/strong> e la <strong>Legge francese sulla protezione dei dati n. 78-17 del 6 gennaio 1978 relativa al trattamento dei dati, ai file e alle libert\u00e0<\/strong>, cos\u00ec come modificata, nonch\u00e9 con le raccomandazioni della Commissione Nazionale Francese per l&#8217;Informatica e le Libert\u00e0 (CNIL).<\/p><p>Questa politica fornisce informazioni su come <strong>Apex Timing<\/strong> tratta i tuoi dati personali. \u00c8 regolarmente aggiornata per tenere conto degli sviluppi legislativi e regolamentari, nonch\u00e9 di eventuali modifiche nell&#8217;organizzazione di <strong>Apex Timing<\/strong>. Questa politica \u00e8 stata aggiornata il <strong>17\/10\/2022<\/strong>.<\/p><p><strong>Apex Timing<\/strong> pu\u00f2 modificare periodicamente questa politica sulla privacy. Ti invitiamo a visitare regolarmente questa pagina per verificare eventuali modifiche o aggiornamenti.<\/p><p>Al fine di proteggere al meglio la tua privacy e i tuoi dati personali, <strong>Apex Timing<\/strong> ha nominato un <strong>Responsabile della Protezione dei Dati (DPO)<\/strong>. Questa persona, che \u00e8 il punto di contatto privilegiato per l&#8217;autorit\u00e0 di controllo, \u00e8 responsabile di garantire che <strong>Apex Timing<\/strong> tratti i tuoi dati in conformit\u00e0 con la normativa. Puoi contattare il DPO di <strong>Apex Timing<\/strong> al seguente indirizzo: <strong><a rel=\"noopener\">dpo@apex-timing.com<\/a><\/strong>.<\/p><p>L&#8217;uso del sito web e\/o dell&#8217;applicazione mobile di <strong>Apex Timing<\/strong> implica la piena accettazione di questa Politica sulla Privacy. Se non sei d&#8217;accordo con uno qualsiasi dei suoi termini, sei libero di non utilizzare i nostri servizi.<\/p><hr><h3><strong>1. Impegni di Apex Timing<\/strong><\/h3><p><strong>Apex Timing<\/strong> si impegna a rispettare le normative applicabili per tutti i trattamenti di dati personali che effettua. In particolare, <strong>Apex Timing<\/strong> si impegna a rispettare i seguenti principi:<\/p><ul><li><strong>Apex Timing<\/strong> tratta i tuoi dati personali in modo lecito, equo e trasparente;<\/li><li>Raccoglie i tuoi dati personali per scopi specifici, espliciti e legittimi e non li tratta in modo incompatibile con tali scopi;<\/li><li>Garantisce che i dati personali trattati siano adeguati, pertinenti e limitati a quanto necessario per gli scopi per i quali sono trattati;<\/li><li>Tratta i tuoi dati personali in modo da garantire un livello adeguato di sicurezza.<\/li><\/ul><p>Ogni trattamento viene effettuato tenendo conto dei principi di protezione dei dati, per soddisfare il principio di <strong>privacy by design<\/strong>.<\/p><p><strong>Apex Timing<\/strong> si impegna a proteggere e garantire la sicurezza dei tuoi dati personali. A tal fine, collabora esclusivamente con partner affidabili.<\/p><p><strong>Apex Timing<\/strong> rispetter\u00e0 i tuoi diritti come interessato e far\u00e0 del suo meglio per rispondere alle tue richieste, a condizione che siano fondate.<\/p><hr><h3><strong>2. Impegni di Apex Timing come responsabile del trattamento<\/strong><\/h3><p>Quando opera come responsabile del trattamento, <strong>Apex Timing<\/strong> \u00e8 responsabile dei dati personali che fornisci, direttamente o indirettamente.<\/p><p>Le informazioni personali raccolte tramite i nostri moduli (contatto, download di documenti, ecc.) o tramite i nostri partner commerciali sono destinate esclusivamente a <strong>Apex Timing<\/strong>; saranno comunicate a terzi solo per necessit\u00e0 gestionali o per adempiere a obblighi legali e regolamentari.<\/p><p>I dati personali raccolti da <strong>Apex Timing<\/strong> sono trattati secondo protocolli sicuri. Tuttavia, <strong>Apex Timing<\/strong> non pu\u00f2 garantire la riservatezza dei messaggi inviati tramite una rete di telecomunicazioni aperta.<\/p><p>I dati personali che <strong>Apex Timing<\/strong> potrebbe raccogliere includono, ad esempio:<\/p><ul><li><strong>Dati identificativi<\/strong>, come nome e cognome, indirizzo, numero di telefono, indirizzo e-mail;<\/li><li><strong>Dati relativi a candidature<\/strong>, come curriculum, diplomi, esperienza professionale, se desideri candidarti per una posizione in <strong>Apex Timing<\/strong>;<\/li><li><strong>Dati professionali<\/strong>, come diplomi e competenze, numero di contatto professionale, e-mail e funzioni, se sei un fornitore, un partner o un collaboratore di <strong>Apex Timing<\/strong>.<\/li><\/ul><p>Il trattamento dei dati personali da parte di <strong>Apex Timing<\/strong> ha uno scopo esplicito, legittimo e specifico. Ad esempio, i tuoi dati possono essere trattati per i seguenti scopi:<\/p><ul><li><strong>Se sei un cliente o un potenziale cliente<\/strong>: gestione del rapporto con te, invio di newsletter o informazioni sui nostri software, gestione di file, fatturazione e contabilit\u00e0;<\/li><li><strong>Se ti candidi per una posizione in Apex Timing<\/strong>: gestione della candidatura;<\/li><li><strong>Se ti iscrivi a una newsletter<\/strong>: invio della newsletter tramite e-mail;<\/li><li><strong>Se sei un fornitore, partner o collaboratore<\/strong>: gestione del rapporto con te.<\/li><\/ul><p>La base legale per il trattamento dei tuoi dati dipende dal contesto in cui sono raccolti:<\/p><ul><li>Esecuzione di un contratto;<\/li><li>Tuo consenso;<\/li><li>Conformit\u00e0 a obblighi legali;<\/li><li>Interesse legittimo di <strong>Apex Timing<\/strong>.<\/li><\/ul><hr><h3><strong>3. Impegni di Apex Timing come subappaltatore<\/strong><\/h3><p><strong>Apex Timing<\/strong>, come fornitore di software, consente ai propri clienti di raccogliere, analizzare e trattare i tuoi dati tramite le proprie soluzioni.<br>Il trattamento dei dati personali come subappaltatore \u00e8 dettagliato nei <strong>Termini Generali di Utilizzo e Manutenzione del Software<\/strong>.<\/p><hr><h3><strong>4. Specificit\u00e0 legate all\u2019app mobile<\/strong><\/h3><p>I dati personali raccolti durante l\u2019utilizzo dell\u2019applicazione mobile possono includere: nome, cognome, et\u00e0, indirizzo, numero di telefono, e-mail.<br>Questi dati sono utilizzati per fornire servizi, migliorare l\u2019applicazione e mantenerne la sicurezza.<\/p><hr><h3><strong>5. Durata della conservazione dei dati<\/strong><\/h3><p><strong>Apex Timing<\/strong> conserva i dati personali in conformit\u00e0 con le seguenti disposizioni:<\/p><ul><li>Dati relativi alla gestione del conto cliente: 10 anni;<\/li><li>Dati di prospect: 3 anni dall\u2019ultimo contatto;<\/li><li>Dati clienti inattivi: 3 anni dopo la fine del rapporto commerciale.<\/li><\/ul><p>Quando la conservazione dei dati non \u00e8 pi\u00f9 giustificata, questi vengono eliminati in modo sicuro.<\/p><hr><h3><strong>6. Cookie<\/strong><\/h3><p><strong>Apex Timing<\/strong> non utilizza cookie n\u00e9 meccanismi di tracciamento sul proprio sito web e app mobile.<\/p>\n<\/div>\t\t\t\t\t\t\t\t<\/div>\n\t\t\t\t<\/div>\n\t\t\t\t<\/div>\n\t\t\t\t<\/div>\n\t\t","protected":false},"excerpt":{"rendered":"<p>Politica sulla Privacy Apex Timing, una societ\u00e0 per azioni con un unico azionista e un capitale di 35.000 euro, registrata ad ANNECY con il numero 531 976 017, con sede legale in 11 ROUTE DE LA SALLE CRAN-GEVRIER 74960 ANNECY, FRANCIA, \u00e8 probabilmente incaricata del trattamento dei tuoi dati personali nell&#8217;ambito della sua attivit\u00e0. Apex [&hellip;]<\/p>\n","protected":false},"author":3,"featured_media":0,"parent":0,"menu_order":0,"comment_status":"closed","ping_status":"closed","template":"elementor_header_footer","meta":{"ocean_post_layout":"","ocean_both_sidebars_style":"","ocean_both_sidebars_content_width":0,"ocean_both_sidebars_sidebars_width":0,"ocean_sidebar":"0","ocean_second_sidebar":"0","ocean_disable_margins":"enable","ocean_add_body_class":"","ocean_shortcode_before_top_bar":"","ocean_shortcode_after_top_bar":"","ocean_shortcode_before_header":"","ocean_shortcode_after_header":"","ocean_has_shortcode":"","ocean_shortcode_after_title":"","ocean_shortcode_before_footer_widgets":"","ocean_shortcode_after_footer_widgets":"","ocean_shortcode_before_footer_bottom":"","ocean_shortcode_after_footer_bottom":"","ocean_display_top_bar":"default","ocean_display_header":"default","ocean_header_style":"","ocean_center_header_left_menu":"0","ocean_custom_header_template":"0","ocean_custom_logo":0,"ocean_custom_retina_logo":0,"ocean_custom_logo_max_width":0,"ocean_custom_logo_tablet_max_width":0,"ocean_custom_logo_mobile_max_width":0,"ocean_custom_logo_max_height":0,"ocean_custom_logo_tablet_max_height":0,"ocean_custom_logo_mobile_max_height":0,"ocean_header_custom_menu":"56","ocean_menu_typo_font_family":"0","ocean_menu_typo_font_subset":"","ocean_menu_typo_font_size":0,"ocean_menu_typo_font_size_tablet":0,"ocean_menu_typo_font_size_mobile":0,"ocean_menu_typo_font_size_unit":"px","ocean_menu_typo_font_weight":"","ocean_menu_typo_font_weight_tablet":"","ocean_menu_typo_font_weight_mobile":"","ocean_menu_typo_transform":"","ocean_menu_typo_transform_tablet":"","ocean_menu_typo_transform_mobile":"","ocean_menu_typo_line_height":0,"ocean_menu_typo_line_height_tablet":0,"ocean_menu_typo_line_height_mobile":0,"ocean_menu_typo_line_height_unit":"","ocean_menu_typo_spacing":0,"ocean_menu_typo_spacing_tablet":0,"ocean_menu_typo_spacing_mobile":0,"ocean_menu_typo_spacing_unit":"","ocean_menu_link_color":"","ocean_menu_link_color_hover":"","ocean_menu_link_color_active":"","ocean_menu_link_background":"","ocean_menu_link_hover_background":"","ocean_menu_link_active_background":"","ocean_menu_social_links_bg":"","ocean_menu_social_hover_links_bg":"","ocean_menu_social_links_color":"","ocean_menu_social_hover_links_color":"","ocean_disable_title":"on","ocean_disable_heading":"default","ocean_post_title":"","ocean_post_subheading":"","ocean_post_title_style":"","ocean_post_title_background_color":"","ocean_post_title_background":0,"ocean_post_title_bg_image_position":"","ocean_post_title_bg_image_attachment":"","ocean_post_title_bg_image_repeat":"","ocean_post_title_bg_image_size":"","ocean_post_title_height":0,"ocean_post_title_bg_overlay":0.5,"ocean_post_title_bg_overlay_color":"","ocean_disable_breadcrumbs":"default","ocean_breadcrumbs_color":"","ocean_breadcrumbs_separator_color":"","ocean_breadcrumbs_links_color":"","ocean_breadcrumbs_links_hover_color":"","ocean_display_footer_widgets":"default","ocean_display_footer_bottom":"default","ocean_custom_footer_template":"0","footnotes":""},"class_list":["post-4960","page","type-page","status-publish","hentry","entry"],"_links":{"self":[{"href":"https:\/\/www.apex-timing.com\/it\/wp-json\/wp\/v2\/pages\/4960","targetHints":{"allow":["GET"]}}],"collection":[{"href":"https:\/\/www.apex-timing.com\/it\/wp-json\/wp\/v2\/pages"}],"about":[{"href":"https:\/\/www.apex-timing.com\/it\/wp-json\/wp\/v2\/types\/page"}],"author":[{"embeddable":true,"href":"https:\/\/www.apex-timing.com\/it\/wp-json\/wp\/v2\/users\/3"}],"replies":[{"embeddable":true,"href":"https:\/\/www.apex-timing.com\/it\/wp-json\/wp\/v2\/comments?post=4960"}],"version-history":[{"count":0,"href":"https:\/\/www.apex-timing.com\/it\/wp-json\/wp\/v2\/pages\/4960\/revisions"}],"wp:attachment":[{"href":"https:\/\/www.apex-timing.com\/it\/wp-json\/wp\/v2\/media?parent=4960"}],"curies":[{"name":"wp","href":"https:\/\/api.w.org\/{rel}","templated":true}]}}